{"id":27352,"date":"2025-11-24T16:29:10","date_gmt":"2025-11-24T15:29:10","guid":{"rendered":"https:\/\/stampcurio.com\/product\/1900-magyarorszag-hirlapbelyeg-tizestomb-postatiszta-az-ivszelen-hajtasnyomok-es-falc-valamint-a-szokasos-repedesek-az-enyvezesen-szamvizjel-ba\/"},"modified":"2025-12-05T04:02:46","modified_gmt":"2025-12-05T03:02:46","slug":"1900-magyarorszag-hirlapbelyeg-ba-szamvizjel-postatiszta-tizestomb-latvanyos-gepszinatonyomattal-az-ivszelen-hajtasnyomok-es-falc-valamint-a-szokasos-repedesek-az-enyvezesen","status":"publish","type":"product","link":"https:\/\/stampcurio.com\/hu\/termek\/1900-magyarorszag-hirlapbelyeg-ba-szamvizjel-postatiszta-tizestomb-latvanyos-gepszinatonyomattal-az-ivszelen-hajtasnyomok-es-falc-valamint-a-szokasos-repedesek-az-enyvezesen\/","title":{"rendered":"1900 Magyarorsz\u00e1g &#8211; H\u00edrlapb\u00e9lyeg Ba sz\u00e1mv\u00edzjel, postatiszta *\/** tizest\u00f6mb l\u00e1tv\u00e1nyos g\u00e9psz\u00edn\u00e1tonyomattal, az \u00edvsz\u00e9l\u00e9n hajt\u00e1snyomok \u00e9s falc, valamint a szok\u00e1sos reped\u00e9sek az enyvez\u00e9sen"},"content":{"rendered":"","protected":false},"excerpt":{"rendered":"<p>2 b\u00e9lyeg * \/ 8 b\u00e9lyeg **<\/p>\n","protected":false},"featured_media":32802,"template":"","meta":[],"product_brand":[],"product_cat":[1172],"product_tag":[1669,116,217],"class_list":{"0":"post-27352","1":"product","2":"type-product","3":"status-publish","4":"has-post-thumbnail","6":"product_cat-magyarorszag","7":"product_tag-3rd-auction","8":"product_tag-belyeg","9":"product_tag-tevnyomat","11":"first","12":"outofstock","13":"sold-individually","14":"shipping-taxable","15":"purchasable","16":"product-type-simple"},"_links":{"self":[{"href":"https:\/\/stampcurio.com\/hu\/wp-json\/wp\/v2\/product\/27352","targetHints":{"allow":["GET"]}}],"collection":[{"href":"https:\/\/stampcurio.com\/hu\/wp-json\/wp\/v2\/product"}],"about":[{"href":"https:\/\/stampcurio.com\/hu\/wp-json\/wp\/v2\/types\/product"}],"wp:featuredmedia":[{"embeddable":true,"href":"https:\/\/stampcurio.com\/hu\/wp-json\/wp\/v2\/media\/32802"}],"wp:attachment":[{"href":"https:\/\/stampcurio.com\/hu\/wp-json\/wp\/v2\/media?parent=27352"}],"wp:term":[{"taxonomy":"product_brand","embeddable":true,"href":"https:\/\/stampcurio.com\/hu\/wp-json\/wp\/v2\/product_brand?post=27352"},{"taxonomy":"product_cat","embeddable":true,"href":"https:\/\/stampcurio.com\/hu\/wp-json\/wp\/v2\/product_cat?post=27352"},{"taxonomy":"product_tag","embeddable":true,"href":"https:\/\/stampcurio.com\/hu\/wp-json\/wp\/v2\/product_tag?post=27352"}],"curies":[{"name":"wp","href":"https:\/\/api.w.org\/{rel}","templated":true}]}}