{"id":27351,"date":"2025-11-24T16:29:10","date_gmt":"2025-11-24T15:29:10","guid":{"rendered":"https:\/\/stampcurio.com\/product\/1850-ausztria-lombard-velence-45-cent-ii-tipus-kezi-papir-hp-lemezhiba-a-c-betuben\/"},"modified":"2025-12-05T04:02:46","modified_gmt":"2025-12-05T03:02:46","slug":"1850-ausztria-lombard-velence-45-cent-ii-tipus-kezi-papir-hp-lemezhiba-a-c-betuben","status":"publish","type":"product","link":"https:\/\/stampcurio.com\/hu\/termek\/1850-ausztria-lombard-velence-45-cent-ii-tipus-kezi-papir-hp-lemezhiba-a-c-betuben\/","title":{"rendered":"1850 Ausztria &#8211; Lombard-Velence 45 cent II. t\u00edpus, k\u00e9zi pap\u00edr HP, lemezhiba a C bet\u0171ben"},"content":{"rendered":"","protected":false},"excerpt":{"rendered":"","protected":false},"featured_media":35198,"template":"","meta":[],"product_brand":[],"product_cat":[1178,1183],"product_tag":[1669,116,217],"class_list":{"0":"post-27351","1":"product","2":"type-product","3":"status-publish","4":"has-post-thumbnail","6":"product_cat-ausztria","7":"product_cat-olaszorszag","8":"product_tag-3rd-auction","9":"product_tag-belyeg","10":"product_tag-tevnyomat","12":"first","13":"outofstock","14":"sold-individually","15":"shipping-taxable","16":"purchasable","17":"product-type-simple"},"_links":{"self":[{"href":"https:\/\/stampcurio.com\/hu\/wp-json\/wp\/v2\/product\/27351","targetHints":{"allow":["GET"]}}],"collection":[{"href":"https:\/\/stampcurio.com\/hu\/wp-json\/wp\/v2\/product"}],"about":[{"href":"https:\/\/stampcurio.com\/hu\/wp-json\/wp\/v2\/types\/product"}],"wp:featuredmedia":[{"embeddable":true,"href":"https:\/\/stampcurio.com\/hu\/wp-json\/wp\/v2\/media\/35198"}],"wp:attachment":[{"href":"https:\/\/stampcurio.com\/hu\/wp-json\/wp\/v2\/media?parent=27351"}],"wp:term":[{"taxonomy":"product_brand","embeddable":true,"href":"https:\/\/stampcurio.com\/hu\/wp-json\/wp\/v2\/product_brand?post=27351"},{"taxonomy":"product_cat","embeddable":true,"href":"https:\/\/stampcurio.com\/hu\/wp-json\/wp\/v2\/product_cat?post=27351"},{"taxonomy":"product_tag","embeddable":true,"href":"https:\/\/stampcurio.com\/hu\/wp-json\/wp\/v2\/product_tag?post=27351"}],"curies":[{"name":"wp","href":"https:\/\/api.w.org\/{rel}","templated":true}]}}