{"id":27350,"date":"2025-11-24T16:29:09","date_gmt":"2025-11-24T15:29:09","guid":{"rendered":"https:\/\/stampcurio.com\/product\/1850-ausztria-9-kr-ii-b-tipus-kezi-papir-hp-98-szamu-tevnyomat-ferchenbauer-ferchenbauer-75-eur\/"},"modified":"2025-12-05T04:02:47","modified_gmt":"2025-12-05T03:02:47","slug":"1850-ausztria-9-kr-kezi-papir-hp-ii-b-tipus-ferchenbauer-98-szamu-tevnyomat-75-eur","status":"publish","type":"product","link":"https:\/\/stampcurio.com\/hu\/termek\/1850-ausztria-9-kr-kezi-papir-hp-ii-b-tipus-ferchenbauer-98-szamu-tevnyomat-75-eur\/","title":{"rendered":"1850 Ausztria &#8211; 9 kr k\u00e9zi pap\u00edr HP II.b t\u00edpus, Ferchenbauer: 98. sz\u00e1m\u00fa t\u00e9vnyomat \/ 75 EUR"},"content":{"rendered":"","protected":false},"excerpt":{"rendered":"","protected":false},"featured_media":35191,"template":"","meta":[],"product_brand":[],"product_cat":[1178],"product_tag":[1669,116,217],"class_list":{"0":"post-27350","1":"product","2":"type-product","3":"status-publish","4":"has-post-thumbnail","6":"product_cat-ausztria","7":"product_tag-3rd-auction","8":"product_tag-belyeg","9":"product_tag-tevnyomat","11":"first","12":"outofstock","13":"sold-individually","14":"shipping-taxable","15":"purchasable","16":"product-type-simple"},"_links":{"self":[{"href":"https:\/\/stampcurio.com\/hu\/wp-json\/wp\/v2\/product\/27350","targetHints":{"allow":["GET"]}}],"collection":[{"href":"https:\/\/stampcurio.com\/hu\/wp-json\/wp\/v2\/product"}],"about":[{"href":"https:\/\/stampcurio.com\/hu\/wp-json\/wp\/v2\/types\/product"}],"wp:featuredmedia":[{"embeddable":true,"href":"https:\/\/stampcurio.com\/hu\/wp-json\/wp\/v2\/media\/35191"}],"wp:attachment":[{"href":"https:\/\/stampcurio.com\/hu\/wp-json\/wp\/v2\/media?parent=27350"}],"wp:term":[{"taxonomy":"product_brand","embeddable":true,"href":"https:\/\/stampcurio.com\/hu\/wp-json\/wp\/v2\/product_brand?post=27350"},{"taxonomy":"product_cat","embeddable":true,"href":"https:\/\/stampcurio.com\/hu\/wp-json\/wp\/v2\/product_cat?post=27350"},{"taxonomy":"product_tag","embeddable":true,"href":"https:\/\/stampcurio.com\/hu\/wp-json\/wp\/v2\/product_tag?post=27350"}],"curies":[{"name":"wp","href":"https:\/\/api.w.org\/{rel}","templated":true}]}}