{"id":27349,"date":"2025-11-24T16:29:09","date_gmt":"2025-11-24T15:29:09","guid":{"rendered":"https:\/\/stampcurio.com\/product\/1850-ausztria-lombard-velence-45-cent-i-tipus-kezi-papir-hp-lemezhiba-a-koronaban-a-c-betuben-ferchenbauer\/"},"modified":"2026-01-05T15:12:04","modified_gmt":"2026-01-05T14:12:04","slug":"1850-ausztria-lombard-velence-45-cent-kezi-papir-hp-i-tipus-lemezhiba-a-koronaban-es-a-c-betuben","status":"publish","type":"product","link":"https:\/\/stampcurio.com\/hu\/termek\/1850-ausztria-lombard-velence-45-cent-kezi-papir-hp-i-tipus-lemezhiba-a-koronaban-es-a-c-betuben\/","title":{"rendered":"1850 Ausztria &#8211; Lombard-Velence 45 cent k\u00e9zi pap\u00edr HP, I. t\u00edpus, lemezhiba a koron\u00e1ban \u00e9s a &#8220;C&#8221; bet\u0171ben"},"content":{"rendered":"","protected":false},"excerpt":{"rendered":"","protected":false},"featured_media":35223,"template":"","meta":[],"product_brand":[],"product_cat":[1178,1183],"product_tag":[1669,116,217,1006],"class_list":{"0":"post-27349","1":"product","2":"type-product","3":"status-publish","4":"has-post-thumbnail","6":"product_cat-ausztria","7":"product_cat-olaszorszag","8":"product_tag-3rd-auction","9":"product_tag-belyeg","10":"product_tag-tevnyomat","11":"product_tag-unsold","13":"first","14":"instock","15":"sold-individually","16":"shipping-taxable","17":"purchasable","18":"product-type-simple"},"_links":{"self":[{"href":"https:\/\/stampcurio.com\/hu\/wp-json\/wp\/v2\/product\/27349","targetHints":{"allow":["GET"]}}],"collection":[{"href":"https:\/\/stampcurio.com\/hu\/wp-json\/wp\/v2\/product"}],"about":[{"href":"https:\/\/stampcurio.com\/hu\/wp-json\/wp\/v2\/types\/product"}],"wp:featuredmedia":[{"embeddable":true,"href":"https:\/\/stampcurio.com\/hu\/wp-json\/wp\/v2\/media\/35223"}],"wp:attachment":[{"href":"https:\/\/stampcurio.com\/hu\/wp-json\/wp\/v2\/media?parent=27349"}],"wp:term":[{"taxonomy":"product_brand","embeddable":true,"href":"https:\/\/stampcurio.com\/hu\/wp-json\/wp\/v2\/product_brand?post=27349"},{"taxonomy":"product_cat","embeddable":true,"href":"https:\/\/stampcurio.com\/hu\/wp-json\/wp\/v2\/product_cat?post=27349"},{"taxonomy":"product_tag","embeddable":true,"href":"https:\/\/stampcurio.com\/hu\/wp-json\/wp\/v2\/product_tag?post=27349"}],"curies":[{"name":"wp","href":"https:\/\/api.w.org\/{rel}","templated":true}]}}