{"id":27348,"date":"2025-11-24T16:29:08","date_gmt":"2025-11-24T15:29:08","guid":{"rendered":"https:\/\/stampcurio.com\/product\/1878-paraguay-republic-paraguay-kek-es-fekete-felulnyomassal-postatiszta\/"},"modified":"2025-12-05T04:02:48","modified_gmt":"2025-12-05T03:02:48","slug":"1878-paraguay-5-1c-r-kek-es-fekete-felulnyomassal-postatiszta","status":"publish","type":"product","link":"https:\/\/stampcurio.com\/hu\/termek\/1878-paraguay-5-1c-r-kek-es-fekete-felulnyomassal-postatiszta\/","title":{"rendered":"1878 Paraguay &#8211;  5\/1(C)\/R k\u00e9k \u00e9s fekete fel\u00fclnyom\u00e1ssal postatiszta *"},"content":{"rendered":"","protected":false},"excerpt":{"rendered":"<p>A k\u00e9k fel\u00fclnyom\u00e1son falc mellett elv\u00e9konyod\u00e1s.<\/p>\n","protected":false},"featured_media":35137,"template":"","meta":[],"product_brand":[],"product_cat":[1687],"product_tag":[1669,116],"class_list":{"0":"post-27348","1":"product","2":"type-product","3":"status-publish","4":"has-post-thumbnail","6":"product_cat-paraguay","7":"product_tag-3rd-auction","8":"product_tag-belyeg","10":"first","11":"outofstock","12":"sold-individually","13":"shipping-taxable","14":"purchasable","15":"product-type-simple"},"_links":{"self":[{"href":"https:\/\/stampcurio.com\/hu\/wp-json\/wp\/v2\/product\/27348","targetHints":{"allow":["GET"]}}],"collection":[{"href":"https:\/\/stampcurio.com\/hu\/wp-json\/wp\/v2\/product"}],"about":[{"href":"https:\/\/stampcurio.com\/hu\/wp-json\/wp\/v2\/types\/product"}],"wp:featuredmedia":[{"embeddable":true,"href":"https:\/\/stampcurio.com\/hu\/wp-json\/wp\/v2\/media\/35137"}],"wp:attachment":[{"href":"https:\/\/stampcurio.com\/hu\/wp-json\/wp\/v2\/media?parent=27348"}],"wp:term":[{"taxonomy":"product_brand","embeddable":true,"href":"https:\/\/stampcurio.com\/hu\/wp-json\/wp\/v2\/product_brand?post=27348"},{"taxonomy":"product_cat","embeddable":true,"href":"https:\/\/stampcurio.com\/hu\/wp-json\/wp\/v2\/product_cat?post=27348"},{"taxonomy":"product_tag","embeddable":true,"href":"https:\/\/stampcurio.com\/hu\/wp-json\/wp\/v2\/product_tag?post=27348"}],"curies":[{"name":"wp","href":"https:\/\/api.w.org\/{rel}","templated":true}]}}