{"id":27345,"date":"2025-11-24T16:29:07","date_gmt":"2025-11-24T15:29:07","guid":{"rendered":"https:\/\/stampcurio.com\/product\/1858-1874-ausztria-10-kr-1858-szep-a-lendva-belyegzes-20-kr-1874-ferenczfalva-5-kr-1874-also-lendva-belyegzes\/"},"modified":"2025-12-05T04:02:48","modified_gmt":"2025-12-05T03:02:48","slug":"1858-1909-szlovenia-szep-belyegzesek-a-lendva-ferenczfalva-also-lendva-martonhely-belatincz","status":"publish","type":"product","link":"https:\/\/stampcurio.com\/hu\/termek\/1858-1909-szlovenia-szep-belyegzesek-a-lendva-ferenczfalva-also-lendva-martonhely-belatincz\/","title":{"rendered":"1858 &#8211; 1909 Szlov\u00e9nia &#8211; sz\u00e9p b\u00e9lyegz\u00e9sek: A.LENDVA, FERENCZFALVA, ALS\u00d3-LENDVA, M\u00c1RTONHELY, BELATINCZ"},"content":{"rendered":"","protected":false},"excerpt":{"rendered":"","protected":false},"featured_media":34732,"template":"","meta":[],"product_brand":[],"product_cat":[1178,1172,1236],"product_tag":[1669,116,1041],"class_list":{"0":"post-27345","1":"product","2":"type-product","3":"status-publish","4":"has-post-thumbnail","6":"product_cat-ausztria","7":"product_cat-magyarorszag","8":"product_cat-szlovenia","9":"product_tag-3rd-auction","10":"product_tag-belyeg","11":"product_tag-marcophily-hu","13":"first","14":"outofstock","15":"sold-individually","16":"shipping-taxable","17":"purchasable","18":"product-type-simple"},"_links":{"self":[{"href":"https:\/\/stampcurio.com\/hu\/wp-json\/wp\/v2\/product\/27345","targetHints":{"allow":["GET"]}}],"collection":[{"href":"https:\/\/stampcurio.com\/hu\/wp-json\/wp\/v2\/product"}],"about":[{"href":"https:\/\/stampcurio.com\/hu\/wp-json\/wp\/v2\/types\/product"}],"wp:featuredmedia":[{"embeddable":true,"href":"https:\/\/stampcurio.com\/hu\/wp-json\/wp\/v2\/media\/34732"}],"wp:attachment":[{"href":"https:\/\/stampcurio.com\/hu\/wp-json\/wp\/v2\/media?parent=27345"}],"wp:term":[{"taxonomy":"product_brand","embeddable":true,"href":"https:\/\/stampcurio.com\/hu\/wp-json\/wp\/v2\/product_brand?post=27345"},{"taxonomy":"product_cat","embeddable":true,"href":"https:\/\/stampcurio.com\/hu\/wp-json\/wp\/v2\/product_cat?post=27345"},{"taxonomy":"product_tag","embeddable":true,"href":"https:\/\/stampcurio.com\/hu\/wp-json\/wp\/v2\/product_tag?post=27345"}],"curies":[{"name":"wp","href":"https:\/\/api.w.org\/{rel}","templated":true}]}}