{"id":27344,"date":"2025-11-24T16:29:07","date_gmt":"2025-11-24T15:29:07","guid":{"rendered":"https:\/\/stampcurio.com\/product\/1992-magyarorszag-25-eves-az-urkutatas-2-forintos-erteke-lila-szinnyomat-nelkul\/"},"modified":"2025-12-05T04:02:48","modified_gmt":"2025-12-05T03:02:48","slug":"1992-magyarorszag-25-eves-az-urkutatas-2-forintos-erteke-lila-szinnyomat-nelkul","status":"publish","type":"product","link":"https:\/\/stampcurio.com\/hu\/termek\/1992-magyarorszag-25-eves-az-urkutatas-2-forintos-erteke-lila-szinnyomat-nelkul\/","title":{"rendered":"1992 Magyarorsz\u00e1g &#8211; \u201e25 \u00e9ves az \u0171rkutat\u00e1s\u201d 2 forintos \u00e9rt\u00e9ke lila sz\u00ednnyomat n\u00e9lk\u00fcl"},"content":{"rendered":"","protected":false},"excerpt":{"rendered":"","protected":false},"featured_media":33145,"template":"","meta":[],"product_brand":[],"product_cat":[1172],"product_tag":[1669,116,217],"class_list":{"0":"post-27344","1":"product","2":"type-product","3":"status-publish","4":"has-post-thumbnail","6":"product_cat-magyarorszag","7":"product_tag-3rd-auction","8":"product_tag-belyeg","9":"product_tag-tevnyomat","11":"first","12":"outofstock","13":"sold-individually","14":"shipping-taxable","15":"purchasable","16":"product-type-simple"},"_links":{"self":[{"href":"https:\/\/stampcurio.com\/hu\/wp-json\/wp\/v2\/product\/27344","targetHints":{"allow":["GET"]}}],"collection":[{"href":"https:\/\/stampcurio.com\/hu\/wp-json\/wp\/v2\/product"}],"about":[{"href":"https:\/\/stampcurio.com\/hu\/wp-json\/wp\/v2\/types\/product"}],"wp:featuredmedia":[{"embeddable":true,"href":"https:\/\/stampcurio.com\/hu\/wp-json\/wp\/v2\/media\/33145"}],"wp:attachment":[{"href":"https:\/\/stampcurio.com\/hu\/wp-json\/wp\/v2\/media?parent=27344"}],"wp:term":[{"taxonomy":"product_brand","embeddable":true,"href":"https:\/\/stampcurio.com\/hu\/wp-json\/wp\/v2\/product_brand?post=27344"},{"taxonomy":"product_cat","embeddable":true,"href":"https:\/\/stampcurio.com\/hu\/wp-json\/wp\/v2\/product_cat?post=27344"},{"taxonomy":"product_tag","embeddable":true,"href":"https:\/\/stampcurio.com\/hu\/wp-json\/wp\/v2\/product_tag?post=27344"}],"curies":[{"name":"wp","href":"https:\/\/api.w.org\/{rel}","templated":true}]}}