{"id":27343,"date":"2025-11-24T16:29:06","date_gmt":"2025-11-24T15:29:06","guid":{"rendered":"https:\/\/stampcurio.com\/product\/1881-magyarorszag-5-kr-latvanyos-papirranccal-kis-horzsolas-a-bal-felso-regioban\/"},"modified":"2026-01-05T15:12:05","modified_gmt":"2026-01-05T14:12:05","slug":"1881-magyarorszag-5-kr-latvanyos-papirranccal-kis-horzsolas-a-bal-felso-regioban","status":"publish","type":"product","link":"https:\/\/stampcurio.com\/hu\/termek\/1881-magyarorszag-5-kr-latvanyos-papirranccal-kis-horzsolas-a-bal-felso-regioban\/","title":{"rendered":"1881 Magyarorsz\u00e1g &#8211; 5 kr l\u00e1tv\u00e1nyos pap\u00edrr\u00e1nccal, kis horzsol\u00e1s a bal fels\u0151 r\u00e9gi\u00f3ban"},"content":{"rendered":"","protected":false},"excerpt":{"rendered":"","protected":false},"featured_media":35206,"template":"","meta":[],"product_brand":[],"product_cat":[1172],"product_tag":[1669,116,217,1006],"class_list":{"0":"post-27343","1":"product","2":"type-product","3":"status-publish","4":"has-post-thumbnail","6":"product_cat-magyarorszag","7":"product_tag-3rd-auction","8":"product_tag-belyeg","9":"product_tag-tevnyomat","10":"product_tag-unsold","12":"first","13":"instock","14":"sold-individually","15":"shipping-taxable","16":"purchasable","17":"product-type-simple"},"_links":{"self":[{"href":"https:\/\/stampcurio.com\/hu\/wp-json\/wp\/v2\/product\/27343","targetHints":{"allow":["GET"]}}],"collection":[{"href":"https:\/\/stampcurio.com\/hu\/wp-json\/wp\/v2\/product"}],"about":[{"href":"https:\/\/stampcurio.com\/hu\/wp-json\/wp\/v2\/types\/product"}],"wp:featuredmedia":[{"embeddable":true,"href":"https:\/\/stampcurio.com\/hu\/wp-json\/wp\/v2\/media\/35206"}],"wp:attachment":[{"href":"https:\/\/stampcurio.com\/hu\/wp-json\/wp\/v2\/media?parent=27343"}],"wp:term":[{"taxonomy":"product_brand","embeddable":true,"href":"https:\/\/stampcurio.com\/hu\/wp-json\/wp\/v2\/product_brand?post=27343"},{"taxonomy":"product_cat","embeddable":true,"href":"https:\/\/stampcurio.com\/hu\/wp-json\/wp\/v2\/product_cat?post=27343"},{"taxonomy":"product_tag","embeddable":true,"href":"https:\/\/stampcurio.com\/hu\/wp-json\/wp\/v2\/product_tag?post=27343"}],"curies":[{"name":"wp","href":"https:\/\/api.w.org\/{rel}","templated":true}]}}