{"id":27341,"date":"2025-11-24T16:29:06","date_gmt":"2025-11-24T15:29:06","guid":{"rendered":"https:\/\/stampcurio.com\/product\/1976-magyarorszag-vadallatkolykok-belyegtervek-a-veglegessel-megegyezo-par-felul-alul-alternativ-kerettervek\/"},"modified":"2026-01-05T15:12:05","modified_gmt":"2026-01-05T14:12:05","slug":"1976-magyarorszag-vadallatkolykok-sorozat-belyegtervei-a-veglegessel-megegyezo-par-felul-alul-alternativ-kerettervek","status":"publish","type":"product","link":"https:\/\/stampcurio.com\/hu\/termek\/1976-magyarorszag-vadallatkolykok-sorozat-belyegtervei-a-veglegessel-megegyezo-par-felul-alul-alternativ-kerettervek\/","title":{"rendered":"1976 Magyarorsz\u00e1g &#8211; Vad\u00e1llatk\u00f6lyk\u00f6k sorozat b\u00e9lyegtervei \u2013 a v\u00e9glegessel megegyez\u0151 p\u00e1r fel\u00fcl, alul alternat\u00edv kerettervek"},"content":{"rendered":"","protected":false},"excerpt":{"rendered":"<p>Sz\u00ednezett tusrajzok.<\/p>\n","protected":false},"featured_media":33158,"template":"","meta":[],"product_brand":[],"product_cat":[1172],"product_tag":[1669,116,1377,1006],"class_list":{"0":"post-27341","1":"product","2":"type-product","3":"status-publish","4":"has-post-thumbnail","6":"product_cat-magyarorszag","7":"product_tag-3rd-auction","8":"product_tag-belyeg","9":"product_tag-belyegterv","10":"product_tag-unsold","12":"first","13":"instock","14":"sold-individually","15":"shipping-taxable","16":"purchasable","17":"product-type-simple"},"_links":{"self":[{"href":"https:\/\/stampcurio.com\/hu\/wp-json\/wp\/v2\/product\/27341","targetHints":{"allow":["GET"]}}],"collection":[{"href":"https:\/\/stampcurio.com\/hu\/wp-json\/wp\/v2\/product"}],"about":[{"href":"https:\/\/stampcurio.com\/hu\/wp-json\/wp\/v2\/types\/product"}],"wp:featuredmedia":[{"embeddable":true,"href":"https:\/\/stampcurio.com\/hu\/wp-json\/wp\/v2\/media\/33158"}],"wp:attachment":[{"href":"https:\/\/stampcurio.com\/hu\/wp-json\/wp\/v2\/media?parent=27341"}],"wp:term":[{"taxonomy":"product_brand","embeddable":true,"href":"https:\/\/stampcurio.com\/hu\/wp-json\/wp\/v2\/product_brand?post=27341"},{"taxonomy":"product_cat","embeddable":true,"href":"https:\/\/stampcurio.com\/hu\/wp-json\/wp\/v2\/product_cat?post=27341"},{"taxonomy":"product_tag","embeddable":true,"href":"https:\/\/stampcurio.com\/hu\/wp-json\/wp\/v2\/product_tag?post=27341"}],"curies":[{"name":"wp","href":"https:\/\/api.w.org\/{rel}","templated":true}]}}