{"id":27340,"date":"2025-11-24T16:29:05","date_gmt":"2025-11-24T15:29:05","guid":{"rendered":"https:\/\/stampcurio.com\/product\/18xx-kina-peking-expressz-level-expressz-belyege-pecsetelve\/"},"modified":"2026-01-05T15:12:06","modified_gmt":"2026-01-05T14:12:06","slug":"1910-kina-expressz-level-belyeg-pecsetelve-peking","status":"publish","type":"product","link":"https:\/\/stampcurio.com\/hu\/termek\/1910-kina-expressz-level-belyeg-pecsetelve-peking\/","title":{"rendered":"1910 K\u00edna &#8211; expressz lev\u00e9l b\u00e9lyeg pecs\u00e9telve &#8211; Peking"},"content":{"rendered":"","protected":false},"excerpt":{"rendered":"","protected":false},"featured_media":33154,"template":"","meta":[],"product_brand":[],"product_cat":[1247],"product_tag":[1669,116,1041,1006],"class_list":{"0":"post-27340","1":"product","2":"type-product","3":"status-publish","4":"has-post-thumbnail","6":"product_cat-kina","7":"product_tag-3rd-auction","8":"product_tag-belyeg","9":"product_tag-marcophily-hu","10":"product_tag-unsold","12":"first","13":"instock","14":"sold-individually","15":"shipping-taxable","16":"purchasable","17":"product-type-simple"},"_links":{"self":[{"href":"https:\/\/stampcurio.com\/hu\/wp-json\/wp\/v2\/product\/27340","targetHints":{"allow":["GET"]}}],"collection":[{"href":"https:\/\/stampcurio.com\/hu\/wp-json\/wp\/v2\/product"}],"about":[{"href":"https:\/\/stampcurio.com\/hu\/wp-json\/wp\/v2\/types\/product"}],"wp:featuredmedia":[{"embeddable":true,"href":"https:\/\/stampcurio.com\/hu\/wp-json\/wp\/v2\/media\/33154"}],"wp:attachment":[{"href":"https:\/\/stampcurio.com\/hu\/wp-json\/wp\/v2\/media?parent=27340"}],"wp:term":[{"taxonomy":"product_brand","embeddable":true,"href":"https:\/\/stampcurio.com\/hu\/wp-json\/wp\/v2\/product_brand?post=27340"},{"taxonomy":"product_cat","embeddable":true,"href":"https:\/\/stampcurio.com\/hu\/wp-json\/wp\/v2\/product_cat?post=27340"},{"taxonomy":"product_tag","embeddable":true,"href":"https:\/\/stampcurio.com\/hu\/wp-json\/wp\/v2\/product_tag?post=27340"}],"curies":[{"name":"wp","href":"https:\/\/api.w.org\/{rel}","templated":true}]}}