{"id":27339,"date":"2025-11-24T16:29:05","date_gmt":"2025-11-24T15:29:05","guid":{"rendered":"https:\/\/stampcurio.com\/product\/1968-magyarorszag-festmenyek-v-ivkozepreszes-vagott-par-enyvezes-nelkul\/"},"modified":"2026-01-05T15:12:06","modified_gmt":"2026-01-05T14:12:06","slug":"1968-magyarorszag-festmenyek-v-1-forint-ivkozepreszes-vagott-par-enyvezes-nelkul","status":"publish","type":"product","link":"https:\/\/stampcurio.com\/hu\/termek\/1968-magyarorszag-festmenyek-v-1-forint-ivkozepreszes-vagott-par-enyvezes-nelkul\/","title":{"rendered":"1968 Magyarorsz\u00e1g &#8211; Festm\u00e9nyek V. 1 Forint &#8211; \u00edvk\u00f6z\u00e9pr\u00e9szes v\u00e1gott p\u00e1r enyvez\u00e9s n\u00e9lk\u00fcl"},"content":{"rendered":"","protected":false},"excerpt":{"rendered":"","protected":false},"featured_media":33180,"template":"","meta":[],"product_brand":[],"product_cat":[1172],"product_tag":[1669,116,1006],"class_list":{"0":"post-27339","1":"product","2":"type-product","3":"status-publish","4":"has-post-thumbnail","6":"product_cat-magyarorszag","7":"product_tag-3rd-auction","8":"product_tag-belyeg","9":"product_tag-unsold","11":"first","12":"instock","13":"sold-individually","14":"shipping-taxable","15":"purchasable","16":"product-type-simple"},"_links":{"self":[{"href":"https:\/\/stampcurio.com\/hu\/wp-json\/wp\/v2\/product\/27339","targetHints":{"allow":["GET"]}}],"collection":[{"href":"https:\/\/stampcurio.com\/hu\/wp-json\/wp\/v2\/product"}],"about":[{"href":"https:\/\/stampcurio.com\/hu\/wp-json\/wp\/v2\/types\/product"}],"wp:featuredmedia":[{"embeddable":true,"href":"https:\/\/stampcurio.com\/hu\/wp-json\/wp\/v2\/media\/33180"}],"wp:attachment":[{"href":"https:\/\/stampcurio.com\/hu\/wp-json\/wp\/v2\/media?parent=27339"}],"wp:term":[{"taxonomy":"product_brand","embeddable":true,"href":"https:\/\/stampcurio.com\/hu\/wp-json\/wp\/v2\/product_brand?post=27339"},{"taxonomy":"product_cat","embeddable":true,"href":"https:\/\/stampcurio.com\/hu\/wp-json\/wp\/v2\/product_cat?post=27339"},{"taxonomy":"product_tag","embeddable":true,"href":"https:\/\/stampcurio.com\/hu\/wp-json\/wp\/v2\/product_tag?post=27339"}],"curies":[{"name":"wp","href":"https:\/\/api.w.org\/{rel}","templated":true}]}}