{"id":27338,"date":"2025-11-24T16:29:02","date_gmt":"2025-11-24T15:29:02","guid":{"rendered":"https:\/\/stampcurio.com\/product\/1924-magyarorszag-ikarusz-10-000-korona-huszonotos-tomb-pecsetelve-forgalmi-idoben-felhasznalva-ritkan-lathato-nagy-osszefugges-phu-85-eur\/"},"modified":"2026-01-05T15:12:06","modified_gmt":"2026-01-05T14:12:06","slug":"1924-magyarorszag-ikarusz-10-000-korona-huszonotos-tomb-pecsetelve-forgalmi-idoben-felhasznalva-ritkan-lathato-nagy-osszefugges-mi-388-phu-417-85-eur","status":"publish","type":"product","link":"https:\/\/stampcurio.com\/hu\/termek\/1924-magyarorszag-ikarusz-10-000-korona-huszonotos-tomb-pecsetelve-forgalmi-idoben-felhasznalva-ritkan-lathato-nagy-osszefugges-mi-388-phu-417-85-eur\/","title":{"rendered":"1924 Magyarorsz\u00e1g &#8211; Ikarusz 10.000 korona huszon\u00f6t\u00f6s t\u00f6mb pecs\u00e9telve forgalmi id\u0151ben felhaszn\u00e1lva \u2013 ritk\u00e1n l\u00e1that\u00f3 nagy \u00f6sszef\u00fcgg\u00e9s | Mi: 388 | Phu: 417 \/ 85++ EUR"},"content":{"rendered":"","protected":false},"excerpt":{"rendered":"","protected":false},"featured_media":32027,"template":"","meta":[],"product_brand":[],"product_cat":[1172],"product_tag":[1669,116,115,1006],"class_list":{"0":"post-27338","1":"product","2":"type-product","3":"status-publish","4":"has-post-thumbnail","6":"product_cat-magyarorszag","7":"product_tag-3rd-auction","8":"product_tag-belyeg","9":"product_tag-legiposta","10":"product_tag-unsold","12":"first","13":"instock","14":"sold-individually","15":"shipping-taxable","16":"purchasable","17":"product-type-simple"},"_links":{"self":[{"href":"https:\/\/stampcurio.com\/hu\/wp-json\/wp\/v2\/product\/27338","targetHints":{"allow":["GET"]}}],"collection":[{"href":"https:\/\/stampcurio.com\/hu\/wp-json\/wp\/v2\/product"}],"about":[{"href":"https:\/\/stampcurio.com\/hu\/wp-json\/wp\/v2\/types\/product"}],"wp:featuredmedia":[{"embeddable":true,"href":"https:\/\/stampcurio.com\/hu\/wp-json\/wp\/v2\/media\/32027"}],"wp:attachment":[{"href":"https:\/\/stampcurio.com\/hu\/wp-json\/wp\/v2\/media?parent=27338"}],"wp:term":[{"taxonomy":"product_brand","embeddable":true,"href":"https:\/\/stampcurio.com\/hu\/wp-json\/wp\/v2\/product_brand?post=27338"},{"taxonomy":"product_cat","embeddable":true,"href":"https:\/\/stampcurio.com\/hu\/wp-json\/wp\/v2\/product_cat?post=27338"},{"taxonomy":"product_tag","embeddable":true,"href":"https:\/\/stampcurio.com\/hu\/wp-json\/wp\/v2\/product_tag?post=27338"}],"curies":[{"name":"wp","href":"https:\/\/api.w.org\/{rel}","templated":true}]}}