{"id":27337,"date":"2025-11-24T16:29:02","date_gmt":"2025-11-24T15:29:02","guid":{"rendered":"https:\/\/stampcurio.com\/product\/1941-magyarorszag-templom-ii-sorozat-12-filleres-ertekenek-probanyomata-1-filleres-szineben-kartonpapirra-ragasztva\/"},"modified":"2026-01-05T15:12:07","modified_gmt":"2026-01-05T14:12:07","slug":"1941-magyarorszag-templom-ii-sorozat-12-filleres-ertekenek-szinprobaja-az-1-filleres-szineben-kartonpapirra-ragasztva","status":"publish","type":"product","link":"https:\/\/stampcurio.com\/hu\/termek\/1941-magyarorszag-templom-ii-sorozat-12-filleres-ertekenek-szinprobaja-az-1-filleres-szineben-kartonpapirra-ragasztva\/","title":{"rendered":"1941 Magyarorsz\u00e1g &#8211; Templom II. sorozat 12 fill\u00e9res \u00e9rt\u00e9k\u00e9nek sz\u00ednpr\u00f3b\u00e1ja az 1 fill\u00e9res sz\u00edn\u00e9ben,  kartonpap\u00edrra ragasztva"},"content":{"rendered":"","protected":false},"excerpt":{"rendered":"","protected":false},"featured_media":33631,"template":"","meta":[],"product_brand":[],"product_cat":[1172],"product_tag":[1669,116,390,1006],"class_list":{"0":"post-27337","1":"product","2":"type-product","3":"status-publish","4":"has-post-thumbnail","6":"product_cat-magyarorszag","7":"product_tag-3rd-auction","8":"product_tag-belyeg","9":"product_tag-probanyomat","10":"product_tag-unsold","12":"first","13":"instock","14":"sold-individually","15":"shipping-taxable","16":"purchasable","17":"product-type-simple"},"_links":{"self":[{"href":"https:\/\/stampcurio.com\/hu\/wp-json\/wp\/v2\/product\/27337","targetHints":{"allow":["GET"]}}],"collection":[{"href":"https:\/\/stampcurio.com\/hu\/wp-json\/wp\/v2\/product"}],"about":[{"href":"https:\/\/stampcurio.com\/hu\/wp-json\/wp\/v2\/types\/product"}],"wp:featuredmedia":[{"embeddable":true,"href":"https:\/\/stampcurio.com\/hu\/wp-json\/wp\/v2\/media\/33631"}],"wp:attachment":[{"href":"https:\/\/stampcurio.com\/hu\/wp-json\/wp\/v2\/media?parent=27337"}],"wp:term":[{"taxonomy":"product_brand","embeddable":true,"href":"https:\/\/stampcurio.com\/hu\/wp-json\/wp\/v2\/product_brand?post=27337"},{"taxonomy":"product_cat","embeddable":true,"href":"https:\/\/stampcurio.com\/hu\/wp-json\/wp\/v2\/product_cat?post=27337"},{"taxonomy":"product_tag","embeddable":true,"href":"https:\/\/stampcurio.com\/hu\/wp-json\/wp\/v2\/product_tag?post=27337"}],"curies":[{"name":"wp","href":"https:\/\/api.w.org\/{rel}","templated":true}]}}