{"id":27336,"date":"2025-11-24T16:29:01","date_gmt":"2025-11-24T15:29:01","guid":{"rendered":"https:\/\/stampcurio.com\/product\/1928-magyarorszag-pengo-filler-ii-pecsetelt-8-filler-extrem-elfogazas\/"},"modified":"2026-01-05T15:12:07","modified_gmt":"2026-01-05T14:12:07","slug":"1928-magyarorszag-pengo-filler-ii-pecsetelt-8-filler-extrem-elfogazas-rendkivul-latvanyos-darab","status":"publish","type":"product","link":"https:\/\/stampcurio.com\/hu\/termek\/1928-magyarorszag-pengo-filler-ii-pecsetelt-8-filler-extrem-elfogazas-rendkivul-latvanyos-darab\/","title":{"rendered":"1928 Magyarorsz\u00e1g &#8211; Peng\u0151-fill\u00e9r II. pecs\u00e9telt 8 fill\u00e9r extr\u00e9m elfogaz\u00e1s &#8211; rendk\u00edv\u00fcl l\u00e1tv\u00e1nyos darab"},"content":{"rendered":"","protected":false},"excerpt":{"rendered":"","protected":false},"featured_media":32219,"template":"","meta":[],"product_brand":[],"product_cat":[1172],"product_tag":[1669,116,217,1006],"class_list":{"0":"post-27336","1":"product","2":"type-product","3":"status-publish","4":"has-post-thumbnail","6":"product_cat-magyarorszag","7":"product_tag-3rd-auction","8":"product_tag-belyeg","9":"product_tag-tevnyomat","10":"product_tag-unsold","12":"first","13":"instock","14":"sold-individually","15":"shipping-taxable","16":"purchasable","17":"product-type-simple"},"_links":{"self":[{"href":"https:\/\/stampcurio.com\/hu\/wp-json\/wp\/v2\/product\/27336","targetHints":{"allow":["GET"]}}],"collection":[{"href":"https:\/\/stampcurio.com\/hu\/wp-json\/wp\/v2\/product"}],"about":[{"href":"https:\/\/stampcurio.com\/hu\/wp-json\/wp\/v2\/types\/product"}],"wp:featuredmedia":[{"embeddable":true,"href":"https:\/\/stampcurio.com\/hu\/wp-json\/wp\/v2\/media\/32219"}],"wp:attachment":[{"href":"https:\/\/stampcurio.com\/hu\/wp-json\/wp\/v2\/media?parent=27336"}],"wp:term":[{"taxonomy":"product_brand","embeddable":true,"href":"https:\/\/stampcurio.com\/hu\/wp-json\/wp\/v2\/product_brand?post=27336"},{"taxonomy":"product_cat","embeddable":true,"href":"https:\/\/stampcurio.com\/hu\/wp-json\/wp\/v2\/product_cat?post=27336"},{"taxonomy":"product_tag","embeddable":true,"href":"https:\/\/stampcurio.com\/hu\/wp-json\/wp\/v2\/product_tag?post=27336"}],"curies":[{"name":"wp","href":"https:\/\/api.w.org\/{rel}","templated":true}]}}