{"id":27335,"date":"2025-11-24T16:29:01","date_gmt":"2025-11-24T15:29:01","guid":{"rendered":"https:\/\/stampcurio.com\/product\/1867-ausztria-wrapper-cimzes-levara-kuldve-meghalt-dcd-ragjeggyel-visszakuldve-becsbe\/"},"modified":"2025-12-05T04:02:51","modified_gmt":"2025-12-05T03:02:51","slug":"1867-ausztria-levara-kuldott-cimszallag-cimresze-meghalt-ragjeggyel-visszakuldve-becsbe","status":"publish","type":"product","link":"https:\/\/stampcurio.com\/hu\/termek\/1867-ausztria-levara-kuldott-cimszallag-cimresze-meghalt-ragjeggyel-visszakuldve-becsbe\/","title":{"rendered":"1867 Ausztria &#8211;  L\u00e9v\u00e1ra k\u00fcld\u00f6tt c\u00edmszallag c\u00edmr\u00e9sze \u2013 &#8220;Meghalt&#8221; ragjeggyel visszak\u00fcldve B\u00e9csbe"},"content":{"rendered":"","protected":false},"excerpt":{"rendered":"","protected":false},"featured_media":28487,"template":"","meta":[],"product_brand":[],"product_cat":[1178,1172,1189],"product_tag":[1669,259,89,405],"class_list":{"0":"post-27335","1":"product","2":"type-product","3":"status-publish","4":"has-post-thumbnail","6":"product_cat-ausztria","7":"product_cat-magyarorszag","8":"product_cat-szlovakia","9":"product_tag-3rd-auction","10":"product_tag-cimszalag","11":"product_tag-postatortenet","12":"product_tag-ragjegy","14":"first","15":"outofstock","16":"sold-individually","17":"shipping-taxable","18":"purchasable","19":"product-type-simple"},"_links":{"self":[{"href":"https:\/\/stampcurio.com\/hu\/wp-json\/wp\/v2\/product\/27335","targetHints":{"allow":["GET"]}}],"collection":[{"href":"https:\/\/stampcurio.com\/hu\/wp-json\/wp\/v2\/product"}],"about":[{"href":"https:\/\/stampcurio.com\/hu\/wp-json\/wp\/v2\/types\/product"}],"wp:featuredmedia":[{"embeddable":true,"href":"https:\/\/stampcurio.com\/hu\/wp-json\/wp\/v2\/media\/28487"}],"wp:attachment":[{"href":"https:\/\/stampcurio.com\/hu\/wp-json\/wp\/v2\/media?parent=27335"}],"wp:term":[{"taxonomy":"product_brand","embeddable":true,"href":"https:\/\/stampcurio.com\/hu\/wp-json\/wp\/v2\/product_brand?post=27335"},{"taxonomy":"product_cat","embeddable":true,"href":"https:\/\/stampcurio.com\/hu\/wp-json\/wp\/v2\/product_cat?post=27335"},{"taxonomy":"product_tag","embeddable":true,"href":"https:\/\/stampcurio.com\/hu\/wp-json\/wp\/v2\/product_tag?post=27335"}],"curies":[{"name":"wp","href":"https:\/\/api.w.org\/{rel}","templated":true}]}}