{"id":27333,"date":"2025-11-24T16:29:00","date_gmt":"2025-11-24T15:29:00","guid":{"rendered":"https:\/\/stampcurio.com\/product\/1840-ausztria-kassarrol-ungvarra-kuldott-level-piros-franco-kassau-recommandiert-belyegzessel-dekorativ-darab-rompes-100-signed-huber-es-puchmann\/"},"modified":"2025-12-05T04:02:53","modified_gmt":"2025-12-05T03:02:53","slug":"1840-ausztria-kassarrol-ungvarra-kuldott-tertivevenyes-ajanlott-level-piros-franco-es-fekete-kassau-recommandiert-belyegzessel-rendkivul-dekorativ-darab-rompes-100-muller-20x3-signed-huber","status":"publish","type":"product","link":"https:\/\/stampcurio.com\/hu\/termek\/1840-ausztria-kassarrol-ungvarra-kuldott-tertivevenyes-ajanlott-level-piros-franco-es-fekete-kassau-recommandiert-belyegzessel-rendkivul-dekorativ-darab-rompes-100-muller-20x3-signed-huber\/","title":{"rendered":"1840 Ausztria &#8211; Kass\u00e1rr\u00f3l Ungv\u00e1rra k\u00fcld\u00f6tt t\u00e9rtivev\u00e9nyes aj\u00e1nlott lev\u00e9l piros FRANCO \u00e9s fekete KASSAU RECOMMANDIERT b\u00e9lyegz\u00e9ssel, rendk\u00edv\u00fcl dekorat\u00edv darab | Rompes: 100 | M\u00fcller: 20&#215;3, signed: H\u00fcber \u00e9s Puchmann"},"content":{"rendered":"","protected":false},"excerpt":{"rendered":"","protected":false},"featured_media":28688,"template":"","meta":[],"product_brand":[],"product_cat":[1178,1172,1189,1226],"product_tag":[1669,1041,89,1305],"class_list":{"0":"post-27333","1":"product","2":"type-product","3":"status-publish","4":"has-post-thumbnail","6":"product_cat-ausztria","7":"product_cat-magyarorszag","8":"product_cat-szlovakia","9":"product_cat-ukrajna","10":"product_tag-3rd-auction","11":"product_tag-marcophily-hu","12":"product_tag-postatortenet","13":"product_tag-vorphila","15":"first","16":"outofstock","17":"sold-individually","18":"shipping-taxable","19":"purchasable","20":"product-type-simple"},"_links":{"self":[{"href":"https:\/\/stampcurio.com\/hu\/wp-json\/wp\/v2\/product\/27333","targetHints":{"allow":["GET"]}}],"collection":[{"href":"https:\/\/stampcurio.com\/hu\/wp-json\/wp\/v2\/product"}],"about":[{"href":"https:\/\/stampcurio.com\/hu\/wp-json\/wp\/v2\/types\/product"}],"wp:featuredmedia":[{"embeddable":true,"href":"https:\/\/stampcurio.com\/hu\/wp-json\/wp\/v2\/media\/28688"}],"wp:attachment":[{"href":"https:\/\/stampcurio.com\/hu\/wp-json\/wp\/v2\/media?parent=27333"}],"wp:term":[{"taxonomy":"product_brand","embeddable":true,"href":"https:\/\/stampcurio.com\/hu\/wp-json\/wp\/v2\/product_brand?post=27333"},{"taxonomy":"product_cat","embeddable":true,"href":"https:\/\/stampcurio.com\/hu\/wp-json\/wp\/v2\/product_cat?post=27333"},{"taxonomy":"product_tag","embeddable":true,"href":"https:\/\/stampcurio.com\/hu\/wp-json\/wp\/v2\/product_tag?post=27333"}],"curies":[{"name":"wp","href":"https:\/\/api.w.org\/{rel}","templated":true}]}}