{"id":27332,"date":"2025-11-24T16:29:00","date_gmt":"2025-11-24T15:29:00","guid":{"rendered":"https:\/\/stampcurio.com\/product\/1921-csehszlovakia-dijjegyes-levelezolap-osztrak-anti-monarchista-felulnyomassal-felulrajzzal-biciklis-egyesulet\/"},"modified":"2025-12-05T04:02:52","modified_gmt":"2025-12-05T03:02:52","slug":"1921-csehszlovakia-1890-evi-osztrak-dijjegyes-levelezolap-monarchia-ellenes-tusrajzzal-atrajzolva-az-uralkodo-feje-helyere-koponyat-rajzoltak","status":"publish","type":"product","link":"https:\/\/stampcurio.com\/hu\/termek\/1921-csehszlovakia-1890-evi-osztrak-dijjegyes-levelezolap-monarchia-ellenes-tusrajzzal-atrajzolva-az-uralkodo-feje-helyere-koponyat-rajzoltak\/","title":{"rendered":"1921 Csehszlov\u00e1kia &#8211; 1890. \u00e9vi osztr\u00e1k d\u00edjjegyes levelez\u0151lap monarchia ellenes tusrajzzal \u00e1trajzolva, az uralkod\u00f3 feje hely\u00e9re kopony\u00e1t rajzoltak."},"content":{"rendered":"","protected":false},"excerpt":{"rendered":"<p>A lap felad\u00f3ja a jesen\u00edki biciklis egyes\u00fclet.<\/p>\n","protected":false},"featured_media":28705,"template":"","meta":[],"product_brand":[],"product_cat":[1178,1238,1189],"product_tag":[1669,74,89],"class_list":{"0":"post-27332","1":"product","2":"type-product","3":"status-publish","4":"has-post-thumbnail","6":"product_cat-ausztria","7":"product_cat-csehorszag","8":"product_cat-szlovakia","9":"product_tag-3rd-auction","10":"product_tag-dijjegyes","11":"product_tag-postatortenet","13":"first","14":"outofstock","15":"sold-individually","16":"shipping-taxable","17":"purchasable","18":"product-type-simple"},"_links":{"self":[{"href":"https:\/\/stampcurio.com\/hu\/wp-json\/wp\/v2\/product\/27332","targetHints":{"allow":["GET"]}}],"collection":[{"href":"https:\/\/stampcurio.com\/hu\/wp-json\/wp\/v2\/product"}],"about":[{"href":"https:\/\/stampcurio.com\/hu\/wp-json\/wp\/v2\/types\/product"}],"wp:featuredmedia":[{"embeddable":true,"href":"https:\/\/stampcurio.com\/hu\/wp-json\/wp\/v2\/media\/28705"}],"wp:attachment":[{"href":"https:\/\/stampcurio.com\/hu\/wp-json\/wp\/v2\/media?parent=27332"}],"wp:term":[{"taxonomy":"product_brand","embeddable":true,"href":"https:\/\/stampcurio.com\/hu\/wp-json\/wp\/v2\/product_brand?post=27332"},{"taxonomy":"product_cat","embeddable":true,"href":"https:\/\/stampcurio.com\/hu\/wp-json\/wp\/v2\/product_cat?post=27332"},{"taxonomy":"product_tag","embeddable":true,"href":"https:\/\/stampcurio.com\/hu\/wp-json\/wp\/v2\/product_tag?post=27332"}],"curies":[{"name":"wp","href":"https:\/\/api.w.org\/{rel}","templated":true}]}}