{"id":27331,"date":"2025-11-24T16:29:00","date_gmt":"2025-11-24T15:29:00","guid":{"rendered":"https:\/\/stampcurio.com\/product\/1903-magyarorszag-porto-1-filler-pecsetelt-tizenotos-tomb-b-fog-115-fogazat-az-egyik-belyegen-csillagvizjel-ritka-nagy-osszefugges-phu-40-eur\/"},"modified":"2026-01-05T15:12:07","modified_gmt":"2026-01-05T14:12:07","slug":"1903-magyarorszag-porto-1-filler-pecsetelt-tizenotos-tomb-b-fog-115-fogazat-az-egyik-belyegen-csillagvizjel-ritkan-lathato-ilyen-nagy-pecsetelt-osszefugges-phu-40-eur","status":"publish","type":"product","link":"https:\/\/stampcurio.com\/hu\/termek\/1903-magyarorszag-porto-1-filler-pecsetelt-tizenotos-tomb-b-fog-115-fogazat-az-egyik-belyegen-csillagvizjel-ritkan-lathato-ilyen-nagy-pecsetelt-osszefugges-phu-40-eur\/","title":{"rendered":"1903 Magyarorsz\u00e1g &#8211; Port\u00f3 1 fill\u00e9r pecs\u00e9telt tizen\u00f6t\u00f6s t\u00f6mb, B fog (11,5 fogazat), az egyik b\u00e9lyegen csillagv\u00edzjel \u2013 ritk\u00e1n l\u00e1that\u00f3 ilyen nagy pecs\u00e9telt \u00f6sszef\u00fcgg\u00e9s | Phu: 40+++ EUR"},"content":{"rendered":"","protected":false},"excerpt":{"rendered":"<p>Az egyik legnagyobb ismert pecs\u00e9telt \u00f6sszef\u00fcgg\u00e9s.<\/p>\n","protected":false},"featured_media":32923,"template":"","meta":[],"product_brand":[],"product_cat":[1172],"product_tag":[1669,116,108,1006],"class_list":{"0":"post-27331","1":"product","2":"type-product","3":"status-publish","4":"has-post-thumbnail","6":"product_cat-magyarorszag","7":"product_tag-3rd-auction","8":"product_tag-belyeg","9":"product_tag-porto","10":"product_tag-unsold","12":"first","13":"instock","14":"sold-individually","15":"shipping-taxable","16":"purchasable","17":"product-type-simple"},"_links":{"self":[{"href":"https:\/\/stampcurio.com\/hu\/wp-json\/wp\/v2\/product\/27331","targetHints":{"allow":["GET"]}}],"collection":[{"href":"https:\/\/stampcurio.com\/hu\/wp-json\/wp\/v2\/product"}],"about":[{"href":"https:\/\/stampcurio.com\/hu\/wp-json\/wp\/v2\/types\/product"}],"wp:featuredmedia":[{"embeddable":true,"href":"https:\/\/stampcurio.com\/hu\/wp-json\/wp\/v2\/media\/32923"}],"wp:attachment":[{"href":"https:\/\/stampcurio.com\/hu\/wp-json\/wp\/v2\/media?parent=27331"}],"wp:term":[{"taxonomy":"product_brand","embeddable":true,"href":"https:\/\/stampcurio.com\/hu\/wp-json\/wp\/v2\/product_brand?post=27331"},{"taxonomy":"product_cat","embeddable":true,"href":"https:\/\/stampcurio.com\/hu\/wp-json\/wp\/v2\/product_cat?post=27331"},{"taxonomy":"product_tag","embeddable":true,"href":"https:\/\/stampcurio.com\/hu\/wp-json\/wp\/v2\/product_tag?post=27331"}],"curies":[{"name":"wp","href":"https:\/\/api.w.org\/{rel}","templated":true}]}}