{"id":27330,"date":"2025-11-24T16:28:59","date_gmt":"2025-11-24T15:28:59","guid":{"rendered":"https:\/\/stampcurio.com\/product\/1904-magyarorszag-turul-12-filler-ivsarki-10-es-tomb-postatiszta-a1-a2-vizjelallas-phu-85-eur\/"},"modified":"2026-01-05T15:12:08","modified_gmt":"2026-01-05T14:12:08","slug":"1904-magyarorszag-turul-12-filler-ivsarki-postatiszta-tizes-tomb-a2-vizjelallassal-phu-110-eur","status":"publish","type":"product","link":"https:\/\/stampcurio.com\/hu\/termek\/1904-magyarorszag-turul-12-filler-ivsarki-postatiszta-tizes-tomb-a2-vizjelallassal-phu-110-eur\/","title":{"rendered":"1904 Magyarorsz\u00e1g &#8211; Turul 12 fill\u00e9r \u00edvsarki postatiszta **  tizes t\u00f6mb A2 v\u00edzjel\u00e1ll\u00e1ssal | Phu: 110++ EUR"},"content":{"rendered":"","protected":false},"excerpt":{"rendered":"","protected":false},"featured_media":30618,"template":"","meta":[],"product_brand":[],"product_cat":[1172],"product_tag":[1669,116,1006],"class_list":{"0":"post-27330","1":"product","2":"type-product","3":"status-publish","4":"has-post-thumbnail","6":"product_cat-magyarorszag","7":"product_tag-3rd-auction","8":"product_tag-belyeg","9":"product_tag-unsold","11":"first","12":"instock","13":"sold-individually","14":"shipping-taxable","15":"purchasable","16":"product-type-simple"},"_links":{"self":[{"href":"https:\/\/stampcurio.com\/hu\/wp-json\/wp\/v2\/product\/27330","targetHints":{"allow":["GET"]}}],"collection":[{"href":"https:\/\/stampcurio.com\/hu\/wp-json\/wp\/v2\/product"}],"about":[{"href":"https:\/\/stampcurio.com\/hu\/wp-json\/wp\/v2\/types\/product"}],"wp:featuredmedia":[{"embeddable":true,"href":"https:\/\/stampcurio.com\/hu\/wp-json\/wp\/v2\/media\/30618"}],"wp:attachment":[{"href":"https:\/\/stampcurio.com\/hu\/wp-json\/wp\/v2\/media?parent=27330"}],"wp:term":[{"taxonomy":"product_brand","embeddable":true,"href":"https:\/\/stampcurio.com\/hu\/wp-json\/wp\/v2\/product_brand?post=27330"},{"taxonomy":"product_cat","embeddable":true,"href":"https:\/\/stampcurio.com\/hu\/wp-json\/wp\/v2\/product_cat?post=27330"},{"taxonomy":"product_tag","embeddable":true,"href":"https:\/\/stampcurio.com\/hu\/wp-json\/wp\/v2\/product_tag?post=27330"}],"curies":[{"name":"wp","href":"https:\/\/api.w.org\/{rel}","templated":true}]}}