{"id":27329,"date":"2025-11-24T16:28:59","date_gmt":"2025-11-24T15:28:59","guid":{"rendered":"https:\/\/stampcurio.com\/product\/1941-magyarorszag-grof-szechenyi-istvan-specimen-harmas-csikokban-mauritania-upu-specimen-verzio\/"},"modified":"2025-12-05T04:02:53","modified_gmt":"2025-12-05T03:02:53","slug":"1941-magyarorszag-grof-szechenyi-istvan-sorozat-mauritaniai-upu-minta-belyegei-harmascsikokban","status":"publish","type":"product","link":"https:\/\/stampcurio.com\/hu\/termek\/1941-magyarorszag-grof-szechenyi-istvan-sorozat-mauritaniai-upu-minta-belyegei-harmascsikokban\/","title":{"rendered":"1941 Magyarorsz\u00e1g &#8211; Gr\u00f3f Sz\u00e9ch\u00e9nyi Istv\u00e1n sorozat maurit\u00e1niai UPU minta b\u00e9lyegei h\u00e1rmascs\u00edkokban"},"content":{"rendered":"","protected":false},"excerpt":{"rendered":"","protected":false},"featured_media":33657,"template":"","meta":[],"product_brand":[],"product_cat":[1172,1686],"product_tag":[1669,116,390,217],"class_list":{"0":"post-27329","1":"product","2":"type-product","3":"status-publish","4":"has-post-thumbnail","6":"product_cat-magyarorszag","7":"product_cat-mauritania","8":"product_tag-3rd-auction","9":"product_tag-belyeg","10":"product_tag-probanyomat","11":"product_tag-tevnyomat","13":"first","14":"outofstock","15":"sold-individually","16":"shipping-taxable","17":"purchasable","18":"product-type-simple"},"_links":{"self":[{"href":"https:\/\/stampcurio.com\/hu\/wp-json\/wp\/v2\/product\/27329","targetHints":{"allow":["GET"]}}],"collection":[{"href":"https:\/\/stampcurio.com\/hu\/wp-json\/wp\/v2\/product"}],"about":[{"href":"https:\/\/stampcurio.com\/hu\/wp-json\/wp\/v2\/types\/product"}],"wp:featuredmedia":[{"embeddable":true,"href":"https:\/\/stampcurio.com\/hu\/wp-json\/wp\/v2\/media\/33657"}],"wp:attachment":[{"href":"https:\/\/stampcurio.com\/hu\/wp-json\/wp\/v2\/media?parent=27329"}],"wp:term":[{"taxonomy":"product_brand","embeddable":true,"href":"https:\/\/stampcurio.com\/hu\/wp-json\/wp\/v2\/product_brand?post=27329"},{"taxonomy":"product_cat","embeddable":true,"href":"https:\/\/stampcurio.com\/hu\/wp-json\/wp\/v2\/product_cat?post=27329"},{"taxonomy":"product_tag","embeddable":true,"href":"https:\/\/stampcurio.com\/hu\/wp-json\/wp\/v2\/product_tag?post=27329"}],"curies":[{"name":"wp","href":"https:\/\/api.w.org\/{rel}","templated":true}]}}