{"id":27328,"date":"2025-11-24T16:28:58","date_gmt":"2025-11-24T15:28:58","guid":{"rendered":"https:\/\/stampcurio.com\/product\/1917-magyarorszag-margitsziget-jozsef-foherczeg-hadi-kiallitasa-postatiszta-alul-jelentos-nyomathibaval\/"},"modified":"2025-12-05T04:02:54","modified_gmt":"2025-12-05T03:02:54","slug":"1917-magyarorszag-margitsziget-jozsef-foherczeg-hadi-kiallitasa-postatiszta-alul-jelentos-nyomathiba-az-alapbelyegen","status":"publish","type":"product","link":"https:\/\/stampcurio.com\/hu\/termek\/1917-magyarorszag-margitsziget-jozsef-foherczeg-hadi-kiallitasa-postatiszta-alul-jelentos-nyomathiba-az-alapbelyegen\/","title":{"rendered":"1917 Magyarorsz\u00e1g &#8211; Margitsziget \/ J\u00f3zsef F\u0151herczeg Hadi ki\u00e1ll\u00edt\u00e1sa, postatiszta *, alul jelent\u0151s nyomathiba az alapb\u00e9lyegen"},"content":{"rendered":"","protected":false},"excerpt":{"rendered":"","protected":false},"featured_media":32163,"template":"","meta":[],"product_brand":[],"product_cat":[1172],"product_tag":[1669,116,217],"class_list":{"0":"post-27328","1":"product","2":"type-product","3":"status-publish","4":"has-post-thumbnail","6":"product_cat-magyarorszag","7":"product_tag-3rd-auction","8":"product_tag-belyeg","9":"product_tag-tevnyomat","11":"first","12":"outofstock","13":"sold-individually","14":"shipping-taxable","15":"purchasable","16":"product-type-simple"},"_links":{"self":[{"href":"https:\/\/stampcurio.com\/hu\/wp-json\/wp\/v2\/product\/27328","targetHints":{"allow":["GET"]}}],"collection":[{"href":"https:\/\/stampcurio.com\/hu\/wp-json\/wp\/v2\/product"}],"about":[{"href":"https:\/\/stampcurio.com\/hu\/wp-json\/wp\/v2\/types\/product"}],"wp:featuredmedia":[{"embeddable":true,"href":"https:\/\/stampcurio.com\/hu\/wp-json\/wp\/v2\/media\/32163"}],"wp:attachment":[{"href":"https:\/\/stampcurio.com\/hu\/wp-json\/wp\/v2\/media?parent=27328"}],"wp:term":[{"taxonomy":"product_brand","embeddable":true,"href":"https:\/\/stampcurio.com\/hu\/wp-json\/wp\/v2\/product_brand?post=27328"},{"taxonomy":"product_cat","embeddable":true,"href":"https:\/\/stampcurio.com\/hu\/wp-json\/wp\/v2\/product_cat?post=27328"},{"taxonomy":"product_tag","embeddable":true,"href":"https:\/\/stampcurio.com\/hu\/wp-json\/wp\/v2\/product_tag?post=27328"}],"curies":[{"name":"wp","href":"https:\/\/api.w.org\/{rel}","templated":true}]}}