{"id":27327,"date":"2025-11-24T16:28:58","date_gmt":"2025-11-24T15:28:58","guid":{"rendered":"https:\/\/stampcurio.com\/product\/1949-magyarorszag-nagyatadrol-mexikoba-kuldott-boritek-hosszas-cimkereses-utan-a-boritek-visszatert-magyarorszagra-tortenetenek-megfeleloen-viseltes-allapotban\/"},"modified":"2026-01-07T12:38:52","modified_gmt":"2026-01-07T11:38:52","slug":"1949-magyarorszag-nagyatadrol-mexikoba-kuldott-boritek-hosszas-cimkereses-utan-a-boritek-visszatert-magyarorszagra-tortenetenek-megfeleloen-viseltes-allapotban","status":"publish","type":"product","link":"https:\/\/stampcurio.com\/hu\/termek\/1949-magyarorszag-nagyatadrol-mexikoba-kuldott-boritek-hosszas-cimkereses-utan-a-boritek-visszatert-magyarorszagra-tortenetenek-megfeleloen-viseltes-allapotban\/","title":{"rendered":"1949 Magyarorsz\u00e1g &#8211; Nagyat\u00e1dr\u00f3l Mexik\u00f3ba k\u00fcld\u00f6tt bor\u00edt\u00e9k &#8211; hosszas c\u00edmkeres\u00e9s ut\u00e1n a bor\u00edt\u00e9k visszat\u00e9rt Magyarorsz\u00e1gra, t\u00f6rt\u00e9net\u00e9nek megfelel\u0151en viseltes \u00e1llapotban"},"content":{"rendered":"","protected":false},"excerpt":{"rendered":"","protected":false},"featured_media":28856,"template":"","meta":[],"product_brand":[],"product_cat":[1172,1629],"product_tag":[1669,89],"class_list":{"0":"post-27327","1":"product","2":"type-product","3":"status-publish","4":"has-post-thumbnail","6":"product_cat-magyarorszag","7":"product_cat-mexiko","8":"product_tag-3rd-auction","9":"product_tag-postatortenet","11":"first","12":"outofstock","13":"sold-individually","14":"shipping-taxable","15":"purchasable","16":"product-type-simple"},"_links":{"self":[{"href":"https:\/\/stampcurio.com\/hu\/wp-json\/wp\/v2\/product\/27327","targetHints":{"allow":["GET"]}}],"collection":[{"href":"https:\/\/stampcurio.com\/hu\/wp-json\/wp\/v2\/product"}],"about":[{"href":"https:\/\/stampcurio.com\/hu\/wp-json\/wp\/v2\/types\/product"}],"wp:featuredmedia":[{"embeddable":true,"href":"https:\/\/stampcurio.com\/hu\/wp-json\/wp\/v2\/media\/28856"}],"wp:attachment":[{"href":"https:\/\/stampcurio.com\/hu\/wp-json\/wp\/v2\/media?parent=27327"}],"wp:term":[{"taxonomy":"product_brand","embeddable":true,"href":"https:\/\/stampcurio.com\/hu\/wp-json\/wp\/v2\/product_brand?post=27327"},{"taxonomy":"product_cat","embeddable":true,"href":"https:\/\/stampcurio.com\/hu\/wp-json\/wp\/v2\/product_cat?post=27327"},{"taxonomy":"product_tag","embeddable":true,"href":"https:\/\/stampcurio.com\/hu\/wp-json\/wp\/v2\/product_tag?post=27327"}],"curies":[{"name":"wp","href":"https:\/\/api.w.org\/{rel}","templated":true}]}}