{"id":27326,"date":"2025-11-24T16:28:58","date_gmt":"2025-11-24T15:28:58","guid":{"rendered":"https:\/\/stampcurio.com\/product\/1906-magyarorszag-magyar-foxterrier-es-tacsko-klub-levelzaro\/"},"modified":"2025-12-05T04:02:54","modified_gmt":"2025-12-05T03:02:54","slug":"1906-magyarorszag-magyar-foxterrier-es-tacsko-klub-levelzaro","status":"publish","type":"product","link":"https:\/\/stampcurio.com\/hu\/termek\/1906-magyarorszag-magyar-foxterrier-es-tacsko-klub-levelzaro\/","title":{"rendered":"1906 Magyarorsz\u00e1g &#8211; Magyar Foxterrier \u00e9s Tacsk\u00f3 Klub lev\u00e9lz\u00e1r\u00f3"},"content":{"rendered":"","protected":false},"excerpt":{"rendered":"<p>A z\u00f6ld b\u00e9lyegen elv\u00e9konyod\u00e1s.<\/p>\n","protected":false},"featured_media":31160,"template":"","meta":[],"product_brand":[],"product_cat":[1172],"product_tag":[1669,116,194],"class_list":{"0":"post-27326","1":"product","2":"type-product","3":"status-publish","4":"has-post-thumbnail","6":"product_cat-magyarorszag","7":"product_tag-3rd-auction","8":"product_tag-belyeg","9":"product_tag-levelzaro","11":"first","12":"outofstock","13":"sold-individually","14":"shipping-taxable","15":"purchasable","16":"product-type-simple"},"_links":{"self":[{"href":"https:\/\/stampcurio.com\/hu\/wp-json\/wp\/v2\/product\/27326","targetHints":{"allow":["GET"]}}],"collection":[{"href":"https:\/\/stampcurio.com\/hu\/wp-json\/wp\/v2\/product"}],"about":[{"href":"https:\/\/stampcurio.com\/hu\/wp-json\/wp\/v2\/types\/product"}],"wp:featuredmedia":[{"embeddable":true,"href":"https:\/\/stampcurio.com\/hu\/wp-json\/wp\/v2\/media\/31160"}],"wp:attachment":[{"href":"https:\/\/stampcurio.com\/hu\/wp-json\/wp\/v2\/media?parent=27326"}],"wp:term":[{"taxonomy":"product_brand","embeddable":true,"href":"https:\/\/stampcurio.com\/hu\/wp-json\/wp\/v2\/product_brand?post=27326"},{"taxonomy":"product_cat","embeddable":true,"href":"https:\/\/stampcurio.com\/hu\/wp-json\/wp\/v2\/product_cat?post=27326"},{"taxonomy":"product_tag","embeddable":true,"href":"https:\/\/stampcurio.com\/hu\/wp-json\/wp\/v2\/product_tag?post=27326"}],"curies":[{"name":"wp","href":"https:\/\/api.w.org\/{rel}","templated":true}]}}