{"id":27325,"date":"2025-11-24T16:28:57","date_gmt":"2025-11-24T15:28:57","guid":{"rendered":"https:\/\/stampcurio.com\/product\/1918-magyarorszag-karolyi-mihaly-a-magyar-koztarsasag-levelzaroja\/"},"modified":"2026-01-05T15:12:09","modified_gmt":"2026-01-05T14:12:09","slug":"1918-magyarorszag-karolyi-mihaly-a-magyar-koztarsasag-elnokenek-a-levelzaroja","status":"publish","type":"product","link":"https:\/\/stampcurio.com\/hu\/termek\/1918-magyarorszag-karolyi-mihaly-a-magyar-koztarsasag-elnokenek-a-levelzaroja\/","title":{"rendered":"1918 Magyarorsz\u00e1g &#8211; K\u00e1rolyi Mih\u00e1ly \u2013 A magyar k\u00f6zt\u00e1rsas\u00e1g eln\u00f6k\u00e9nek a lev\u00e9lz\u00e1r\u00f3ja"},"content":{"rendered":"","protected":false},"excerpt":{"rendered":"","protected":false},"featured_media":33327,"template":"","meta":[],"product_brand":[],"product_cat":[1172],"product_tag":[1669,194,1006],"class_list":{"0":"post-27325","1":"product","2":"type-product","3":"status-publish","4":"has-post-thumbnail","6":"product_cat-magyarorszag","7":"product_tag-3rd-auction","8":"product_tag-levelzaro","9":"product_tag-unsold","11":"first","12":"instock","13":"sold-individually","14":"shipping-taxable","15":"purchasable","16":"product-type-simple"},"_links":{"self":[{"href":"https:\/\/stampcurio.com\/hu\/wp-json\/wp\/v2\/product\/27325","targetHints":{"allow":["GET"]}}],"collection":[{"href":"https:\/\/stampcurio.com\/hu\/wp-json\/wp\/v2\/product"}],"about":[{"href":"https:\/\/stampcurio.com\/hu\/wp-json\/wp\/v2\/types\/product"}],"wp:featuredmedia":[{"embeddable":true,"href":"https:\/\/stampcurio.com\/hu\/wp-json\/wp\/v2\/media\/33327"}],"wp:attachment":[{"href":"https:\/\/stampcurio.com\/hu\/wp-json\/wp\/v2\/media?parent=27325"}],"wp:term":[{"taxonomy":"product_brand","embeddable":true,"href":"https:\/\/stampcurio.com\/hu\/wp-json\/wp\/v2\/product_brand?post=27325"},{"taxonomy":"product_cat","embeddable":true,"href":"https:\/\/stampcurio.com\/hu\/wp-json\/wp\/v2\/product_cat?post=27325"},{"taxonomy":"product_tag","embeddable":true,"href":"https:\/\/stampcurio.com\/hu\/wp-json\/wp\/v2\/product_tag?post=27325"}],"curies":[{"name":"wp","href":"https:\/\/api.w.org\/{rel}","templated":true}]}}