{"id":27324,"date":"2025-11-24T16:28:57","date_gmt":"2025-11-24T15:28:57","guid":{"rendered":"https:\/\/stampcurio.com\/product\/1950-magyarorszag-sport-60-filler-pecsetelt-c-szamvizjelallassal\/"},"modified":"2026-01-05T15:12:08","modified_gmt":"2026-01-05T14:12:08","slug":"1950-magyarorszag-sport-60-filler-pecsetelt-ac-szamvizjelallassal","status":"publish","type":"product","link":"https:\/\/stampcurio.com\/hu\/termek\/1950-magyarorszag-sport-60-filler-pecsetelt-ac-szamvizjelallassal\/","title":{"rendered":"1950 Magyarorsz\u00e1g &#8211; Sport 60 fill\u00e9r pecs\u00e9telt &#8211; Ac sz\u00e1mv\u00edzjel\u00e1ll\u00e1ssal"},"content":{"rendered":"","protected":false},"excerpt":{"rendered":"","protected":false},"featured_media":33331,"template":"","meta":[],"product_brand":[],"product_cat":[1172],"product_tag":[1669,116,217,1006],"class_list":{"0":"post-27324","1":"product","2":"type-product","3":"status-publish","4":"has-post-thumbnail","6":"product_cat-magyarorszag","7":"product_tag-3rd-auction","8":"product_tag-belyeg","9":"product_tag-tevnyomat","10":"product_tag-unsold","12":"first","13":"instock","14":"sold-individually","15":"shipping-taxable","16":"purchasable","17":"product-type-simple"},"_links":{"self":[{"href":"https:\/\/stampcurio.com\/hu\/wp-json\/wp\/v2\/product\/27324","targetHints":{"allow":["GET"]}}],"collection":[{"href":"https:\/\/stampcurio.com\/hu\/wp-json\/wp\/v2\/product"}],"about":[{"href":"https:\/\/stampcurio.com\/hu\/wp-json\/wp\/v2\/types\/product"}],"wp:featuredmedia":[{"embeddable":true,"href":"https:\/\/stampcurio.com\/hu\/wp-json\/wp\/v2\/media\/33331"}],"wp:attachment":[{"href":"https:\/\/stampcurio.com\/hu\/wp-json\/wp\/v2\/media?parent=27324"}],"wp:term":[{"taxonomy":"product_brand","embeddable":true,"href":"https:\/\/stampcurio.com\/hu\/wp-json\/wp\/v2\/product_brand?post=27324"},{"taxonomy":"product_cat","embeddable":true,"href":"https:\/\/stampcurio.com\/hu\/wp-json\/wp\/v2\/product_cat?post=27324"},{"taxonomy":"product_tag","embeddable":true,"href":"https:\/\/stampcurio.com\/hu\/wp-json\/wp\/v2\/product_tag?post=27324"}],"curies":[{"name":"wp","href":"https:\/\/api.w.org\/{rel}","templated":true}]}}