{"id":27323,"date":"2025-11-24T16:28:56","date_gmt":"2025-11-24T15:28:56","guid":{"rendered":"https:\/\/stampcurio.com\/product\/1923-magyarorszag-hivatalos-2000-korona-250-filler-postatiszta-harmaslyukasztassal-a-jobboldalon-latvanyos-szegelyleclenyomattal\/"},"modified":"2025-12-05T04:02:56","modified_gmt":"2025-12-05T03:02:56","slug":"1923-magyarorszag-hivatalos-2000-korona-250-filler-postatiszta-harmaslyukasztassal-a-jobboldalon-latvanyos-szegelyleclenyomattal","status":"publish","type":"product","link":"https:\/\/stampcurio.com\/hu\/termek\/1923-magyarorszag-hivatalos-2000-korona-250-filler-postatiszta-harmaslyukasztassal-a-jobboldalon-latvanyos-szegelyleclenyomattal\/","title":{"rendered":"1923 Magyarorsz\u00e1g &#8211; Hivatalos 2000 korona \/ 250 fill\u00e9r postatiszta ** h\u00e1rmaslyukaszt\u00e1ssal, a jobboldalon l\u00e1tv\u00e1nyos szeg\u00e9lyl\u00e9clenyomattal"},"content":{"rendered":"","protected":false},"excerpt":{"rendered":"","protected":false},"featured_media":32251,"template":"","meta":[],"product_brand":[],"product_cat":[1172],"product_tag":[1669,116,230,217],"class_list":{"0":"post-27323","1":"product","2":"type-product","3":"status-publish","4":"has-post-thumbnail","6":"product_cat-magyarorszag","7":"product_tag-3rd-auction","8":"product_tag-belyeg","9":"product_tag-perfin","10":"product_tag-tevnyomat","12":"first","13":"outofstock","14":"sold-individually","15":"shipping-taxable","16":"purchasable","17":"product-type-simple"},"_links":{"self":[{"href":"https:\/\/stampcurio.com\/hu\/wp-json\/wp\/v2\/product\/27323","targetHints":{"allow":["GET"]}}],"collection":[{"href":"https:\/\/stampcurio.com\/hu\/wp-json\/wp\/v2\/product"}],"about":[{"href":"https:\/\/stampcurio.com\/hu\/wp-json\/wp\/v2\/types\/product"}],"wp:featuredmedia":[{"embeddable":true,"href":"https:\/\/stampcurio.com\/hu\/wp-json\/wp\/v2\/media\/32251"}],"wp:attachment":[{"href":"https:\/\/stampcurio.com\/hu\/wp-json\/wp\/v2\/media?parent=27323"}],"wp:term":[{"taxonomy":"product_brand","embeddable":true,"href":"https:\/\/stampcurio.com\/hu\/wp-json\/wp\/v2\/product_brand?post=27323"},{"taxonomy":"product_cat","embeddable":true,"href":"https:\/\/stampcurio.com\/hu\/wp-json\/wp\/v2\/product_cat?post=27323"},{"taxonomy":"product_tag","embeddable":true,"href":"https:\/\/stampcurio.com\/hu\/wp-json\/wp\/v2\/product_tag?post=27323"}],"curies":[{"name":"wp","href":"https:\/\/api.w.org\/{rel}","templated":true}]}}