{"id":27322,"date":"2025-11-24T16:28:56","date_gmt":"2025-11-24T15:28:56","guid":{"rendered":"https:\/\/stampcurio.com\/product\/1951-magyarorszag-virag-60-filler-probanyomat\/"},"modified":"2026-01-05T15:12:09","modified_gmt":"2026-01-05T14:12:09","slug":"1951-magyarorszag-virag-60-filler-probanyomat-fekete-szinben-fenyes-karton-papiron","status":"publish","type":"product","link":"https:\/\/stampcurio.com\/hu\/termek\/1951-magyarorszag-virag-60-filler-probanyomat-fekete-szinben-fenyes-karton-papiron\/","title":{"rendered":"1951 Magyarorsz\u00e1g &#8211; Vir\u00e1g 60 fill\u00e9r pr\u00f3banyomat fekete sz\u00ednben f\u00e9nyes karton pap\u00edron"},"content":{"rendered":"","protected":false},"excerpt":{"rendered":"<p>A v\u00e9glegest\u0151l kiss\u00e9 elt\u00e9r\u0151 nyomat.<\/p>\n","protected":false},"featured_media":33335,"template":"","meta":[],"product_brand":[],"product_cat":[1172],"product_tag":[1669,116,1377,390,1006],"class_list":{"0":"post-27322","1":"product","2":"type-product","3":"status-publish","4":"has-post-thumbnail","6":"product_cat-magyarorszag","7":"product_tag-3rd-auction","8":"product_tag-belyeg","9":"product_tag-belyegterv","10":"product_tag-probanyomat","11":"product_tag-unsold","13":"first","14":"instock","15":"sold-individually","16":"shipping-taxable","17":"purchasable","18":"product-type-simple"},"_links":{"self":[{"href":"https:\/\/stampcurio.com\/hu\/wp-json\/wp\/v2\/product\/27322","targetHints":{"allow":["GET"]}}],"collection":[{"href":"https:\/\/stampcurio.com\/hu\/wp-json\/wp\/v2\/product"}],"about":[{"href":"https:\/\/stampcurio.com\/hu\/wp-json\/wp\/v2\/types\/product"}],"wp:featuredmedia":[{"embeddable":true,"href":"https:\/\/stampcurio.com\/hu\/wp-json\/wp\/v2\/media\/33335"}],"wp:attachment":[{"href":"https:\/\/stampcurio.com\/hu\/wp-json\/wp\/v2\/media?parent=27322"}],"wp:term":[{"taxonomy":"product_brand","embeddable":true,"href":"https:\/\/stampcurio.com\/hu\/wp-json\/wp\/v2\/product_brand?post=27322"},{"taxonomy":"product_cat","embeddable":true,"href":"https:\/\/stampcurio.com\/hu\/wp-json\/wp\/v2\/product_cat?post=27322"},{"taxonomy":"product_tag","embeddable":true,"href":"https:\/\/stampcurio.com\/hu\/wp-json\/wp\/v2\/product_tag?post=27322"}],"curies":[{"name":"wp","href":"https:\/\/api.w.org\/{rel}","templated":true}]}}