{"id":27320,"date":"2025-11-24T16:28:55","date_gmt":"2025-11-24T15:28:55","guid":{"rendered":"https:\/\/stampcurio.com\/product\/1945-magyarorszag-kisegito-60f-8f-latvanyosan-elcsuszott-alapnyomassal\/"},"modified":"2026-01-05T15:12:09","modified_gmt":"2026-01-05T14:12:09","slug":"1945-magyarorszag-kisegito-60f-8f-latvanyosan-elcsuszott-alapnyomassal","status":"publish","type":"product","link":"https:\/\/stampcurio.com\/hu\/termek\/1945-magyarorszag-kisegito-60f-8f-latvanyosan-elcsuszott-alapnyomassal\/","title":{"rendered":"1945 Magyarorsz\u00e1g &#8211; Kiseg\u00edt\u0151 60f \/ 8f l\u00e1tv\u00e1nyosan elcs\u00faszott alapnyom\u00e1ssal"},"content":{"rendered":"","protected":false},"excerpt":{"rendered":"<p>A fels\u0151 k\u00e9t b\u00e9lyeg k\u00f6z\u00f6tt elv\u00e1lt fogak.<\/p>\n","protected":false},"featured_media":33471,"template":"","meta":[],"product_brand":[],"product_cat":[1172],"product_tag":[1669,116,217,1006],"class_list":{"0":"post-27320","1":"product","2":"type-product","3":"status-publish","4":"has-post-thumbnail","6":"product_cat-magyarorszag","7":"product_tag-3rd-auction","8":"product_tag-belyeg","9":"product_tag-tevnyomat","10":"product_tag-unsold","12":"first","13":"instock","14":"sold-individually","15":"shipping-taxable","16":"purchasable","17":"product-type-simple"},"_links":{"self":[{"href":"https:\/\/stampcurio.com\/hu\/wp-json\/wp\/v2\/product\/27320","targetHints":{"allow":["GET"]}}],"collection":[{"href":"https:\/\/stampcurio.com\/hu\/wp-json\/wp\/v2\/product"}],"about":[{"href":"https:\/\/stampcurio.com\/hu\/wp-json\/wp\/v2\/types\/product"}],"wp:featuredmedia":[{"embeddable":true,"href":"https:\/\/stampcurio.com\/hu\/wp-json\/wp\/v2\/media\/33471"}],"wp:attachment":[{"href":"https:\/\/stampcurio.com\/hu\/wp-json\/wp\/v2\/media?parent=27320"}],"wp:term":[{"taxonomy":"product_brand","embeddable":true,"href":"https:\/\/stampcurio.com\/hu\/wp-json\/wp\/v2\/product_brand?post=27320"},{"taxonomy":"product_cat","embeddable":true,"href":"https:\/\/stampcurio.com\/hu\/wp-json\/wp\/v2\/product_cat?post=27320"},{"taxonomy":"product_tag","embeddable":true,"href":"https:\/\/stampcurio.com\/hu\/wp-json\/wp\/v2\/product_tag?post=27320"}],"curies":[{"name":"wp","href":"https:\/\/api.w.org\/{rel}","templated":true}]}}