{"id":27319,"date":"2025-11-24T16:28:55","date_gmt":"2025-11-24T15:28:55","guid":{"rendered":"https:\/\/stampcurio.com\/product\/1939-magyarorszag-bethlen-blokkpar-upu-specimen-mauritania-felunyomassal-a-vagott-erteken-felulnyomas\/"},"modified":"2025-12-05T04:02:56","modified_gmt":"2025-12-05T03:02:56","slug":"1939-magyarorszag-bethlen-blokkpar-mauritaniai-upu-minta-felunyomassal-izgalmas-kulonlegesseg","status":"publish","type":"product","link":"https:\/\/stampcurio.com\/hu\/termek\/1939-magyarorszag-bethlen-blokkpar-mauritaniai-upu-minta-felunyomassal-izgalmas-kulonlegesseg\/","title":{"rendered":"1939 Magyarorsz\u00e1g &#8211; Bethlen blokkp\u00e1r maurit\u00e1niai UPU minta fel\u00fcnyom\u00e1ssal, izgalmas k\u00fcl\u00f6nlegess\u00e9g"},"content":{"rendered":"","protected":false},"excerpt":{"rendered":"","protected":false},"featured_media":32281,"template":"","meta":[],"product_brand":[],"product_cat":[1172,1686],"product_tag":[1669,116,390,217],"class_list":{"0":"post-27319","1":"product","2":"type-product","3":"status-publish","4":"has-post-thumbnail","6":"product_cat-magyarorszag","7":"product_cat-mauritania","8":"product_tag-3rd-auction","9":"product_tag-belyeg","10":"product_tag-probanyomat","11":"product_tag-tevnyomat","13":"first","14":"outofstock","15":"sold-individually","16":"shipping-taxable","17":"purchasable","18":"product-type-simple"},"_links":{"self":[{"href":"https:\/\/stampcurio.com\/hu\/wp-json\/wp\/v2\/product\/27319","targetHints":{"allow":["GET"]}}],"collection":[{"href":"https:\/\/stampcurio.com\/hu\/wp-json\/wp\/v2\/product"}],"about":[{"href":"https:\/\/stampcurio.com\/hu\/wp-json\/wp\/v2\/types\/product"}],"wp:featuredmedia":[{"embeddable":true,"href":"https:\/\/stampcurio.com\/hu\/wp-json\/wp\/v2\/media\/32281"}],"wp:attachment":[{"href":"https:\/\/stampcurio.com\/hu\/wp-json\/wp\/v2\/media?parent=27319"}],"wp:term":[{"taxonomy":"product_brand","embeddable":true,"href":"https:\/\/stampcurio.com\/hu\/wp-json\/wp\/v2\/product_brand?post=27319"},{"taxonomy":"product_cat","embeddable":true,"href":"https:\/\/stampcurio.com\/hu\/wp-json\/wp\/v2\/product_cat?post=27319"},{"taxonomy":"product_tag","embeddable":true,"href":"https:\/\/stampcurio.com\/hu\/wp-json\/wp\/v2\/product_tag?post=27319"}],"curies":[{"name":"wp","href":"https:\/\/api.w.org\/{rel}","templated":true}]}}