{"id":27318,"date":"2025-11-24T16:28:54","date_gmt":"2025-11-24T15:28:54","guid":{"rendered":"https:\/\/stampcurio.com\/product\/1858-ausztria-nagy-piros-andraskereszt-piros-negyescsik-ferchenbauer-750-eur\/"},"modified":"2025-12-05T04:02:57","modified_gmt":"2025-12-05T03:02:57","slug":"1858-ausztria-nagy-meretu-piros-andraskereszt-postatiszta-negyescsikban-ferchenbauer-750-eur","status":"publish","type":"product","link":"https:\/\/stampcurio.com\/hu\/termek\/1858-ausztria-nagy-meretu-piros-andraskereszt-postatiszta-negyescsikban-ferchenbauer-750-eur\/","title":{"rendered":"1858 Ausztria &#8211; nagy m\u00e9ret\u0171 piros Andr\u00e1skereszt postatiszta * n\u00e9gyescs\u00edkban | Ferchenbauer: 750 EUR"},"content":{"rendered":"","protected":false},"excerpt":{"rendered":"","protected":false},"featured_media":28729,"template":"","meta":[],"product_brand":[],"product_cat":[1178],"product_tag":[1669,116],"class_list":{"0":"post-27318","1":"product","2":"type-product","3":"status-publish","4":"has-post-thumbnail","6":"product_cat-ausztria","7":"product_tag-3rd-auction","8":"product_tag-belyeg","10":"first","11":"outofstock","12":"sold-individually","13":"shipping-taxable","14":"purchasable","15":"product-type-simple"},"_links":{"self":[{"href":"https:\/\/stampcurio.com\/hu\/wp-json\/wp\/v2\/product\/27318","targetHints":{"allow":["GET"]}}],"collection":[{"href":"https:\/\/stampcurio.com\/hu\/wp-json\/wp\/v2\/product"}],"about":[{"href":"https:\/\/stampcurio.com\/hu\/wp-json\/wp\/v2\/types\/product"}],"wp:featuredmedia":[{"embeddable":true,"href":"https:\/\/stampcurio.com\/hu\/wp-json\/wp\/v2\/media\/28729"}],"wp:attachment":[{"href":"https:\/\/stampcurio.com\/hu\/wp-json\/wp\/v2\/media?parent=27318"}],"wp:term":[{"taxonomy":"product_brand","embeddable":true,"href":"https:\/\/stampcurio.com\/hu\/wp-json\/wp\/v2\/product_brand?post=27318"},{"taxonomy":"product_cat","embeddable":true,"href":"https:\/\/stampcurio.com\/hu\/wp-json\/wp\/v2\/product_cat?post=27318"},{"taxonomy":"product_tag","embeddable":true,"href":"https:\/\/stampcurio.com\/hu\/wp-json\/wp\/v2\/product_tag?post=27318"}],"curies":[{"name":"wp","href":"https:\/\/api.w.org\/{rel}","templated":true}]}}