{"id":27317,"date":"2025-11-24T16:28:54","date_gmt":"2025-11-24T15:28:54","guid":{"rendered":"https:\/\/stampcurio.com\/product\/1957-magyarorszag-voroskereszt-pecsetelt-2-forint-a-forint-t-betuje-hianyzik-phu-20-eur\/"},"modified":"2026-01-05T15:12:10","modified_gmt":"2026-01-05T14:12:10","slug":"1957-magyarorszag-voroskereszt-pecsetelt-2-forint-a-felulnyomatban-a-forint-t-betuje-hianyzik-phu-20-eur","status":"publish","type":"product","link":"https:\/\/stampcurio.com\/hu\/termek\/1957-magyarorszag-voroskereszt-pecsetelt-2-forint-a-felulnyomatban-a-forint-t-betuje-hianyzik-phu-20-eur\/","title":{"rendered":"1957 Magyarorsz\u00e1g &#8211; V\u00f6r\u00f6skereszt pecs\u00e9telt 2 forint, a fel\u00fclnyomatban a forint \u201et\u201d bet\u0171je hi\u00e1nyzik | Phu: 20 EUR"},"content":{"rendered":"","protected":false},"excerpt":{"rendered":"","protected":false},"featured_media":33262,"template":"","meta":[],"product_brand":[],"product_cat":[1172],"product_tag":[1669,116,217,1006],"class_list":{"0":"post-27317","1":"product","2":"type-product","3":"status-publish","4":"has-post-thumbnail","6":"product_cat-magyarorszag","7":"product_tag-3rd-auction","8":"product_tag-belyeg","9":"product_tag-tevnyomat","10":"product_tag-unsold","12":"first","13":"instock","14":"sold-individually","15":"shipping-taxable","16":"purchasable","17":"product-type-simple"},"_links":{"self":[{"href":"https:\/\/stampcurio.com\/hu\/wp-json\/wp\/v2\/product\/27317","targetHints":{"allow":["GET"]}}],"collection":[{"href":"https:\/\/stampcurio.com\/hu\/wp-json\/wp\/v2\/product"}],"about":[{"href":"https:\/\/stampcurio.com\/hu\/wp-json\/wp\/v2\/types\/product"}],"wp:featuredmedia":[{"embeddable":true,"href":"https:\/\/stampcurio.com\/hu\/wp-json\/wp\/v2\/media\/33262"}],"wp:attachment":[{"href":"https:\/\/stampcurio.com\/hu\/wp-json\/wp\/v2\/media?parent=27317"}],"wp:term":[{"taxonomy":"product_brand","embeddable":true,"href":"https:\/\/stampcurio.com\/hu\/wp-json\/wp\/v2\/product_brand?post=27317"},{"taxonomy":"product_cat","embeddable":true,"href":"https:\/\/stampcurio.com\/hu\/wp-json\/wp\/v2\/product_cat?post=27317"},{"taxonomy":"product_tag","embeddable":true,"href":"https:\/\/stampcurio.com\/hu\/wp-json\/wp\/v2\/product_tag?post=27317"}],"curies":[{"name":"wp","href":"https:\/\/api.w.org\/{rel}","templated":true}]}}