{"id":27316,"date":"2025-11-24T16:28:54","date_gmt":"2025-11-24T15:28:54","guid":{"rendered":"https:\/\/stampcurio.com\/product\/1945-magyarorszag-beke-4-pengos-erteke-forditott-n-betuvel-otos-csikban-postatiszta-michel-300-eur\/"},"modified":"2026-01-05T15:12:10","modified_gmt":"2026-01-05T14:12:10","slug":"1945-magyarorszag-beke-4-pengos-erteke-forditott-n-betuvel-%e1%b4%8e-otos-csikban-postatiszta-phu-864tny-75-eur-mi-775-300-eur","status":"publish","type":"product","link":"https:\/\/stampcurio.com\/hu\/termek\/1945-magyarorszag-beke-4-pengos-erteke-forditott-n-betuvel-%e1%b4%8e-otos-csikban-postatiszta-phu-864tny-75-eur-mi-775-300-eur\/","title":{"rendered":"1945 Magyarorsz\u00e1g &#8211; B\u00e9ke 4 peng\u0151s \u00e9rt\u00e9ke ford\u00edtott N bet\u0171vel (\u1d0e), \u00f6t\u00f6s cs\u00edkban,  postatiszta ** | Phu: 864Tny \/ 75+ EUR | Mi: 775 \/ 300 EUR"},"content":{"rendered":"","protected":false},"excerpt":{"rendered":"<p>A negyedik b\u00e9lyeg h\u00e1toldal\u00e1n \u00edv\u00f6sszetapad\u00e1s nyoma, t\u00f6bbi b\u00e9lyeg **.<\/p>\n","protected":false},"featured_media":33649,"template":"","meta":[],"product_brand":[],"product_cat":[1172],"product_tag":[1669,116,217,1006],"class_list":{"0":"post-27316","1":"product","2":"type-product","3":"status-publish","4":"has-post-thumbnail","6":"product_cat-magyarorszag","7":"product_tag-3rd-auction","8":"product_tag-belyeg","9":"product_tag-tevnyomat","10":"product_tag-unsold","12":"first","13":"instock","14":"sold-individually","15":"shipping-taxable","16":"purchasable","17":"product-type-simple"},"_links":{"self":[{"href":"https:\/\/stampcurio.com\/hu\/wp-json\/wp\/v2\/product\/27316","targetHints":{"allow":["GET"]}}],"collection":[{"href":"https:\/\/stampcurio.com\/hu\/wp-json\/wp\/v2\/product"}],"about":[{"href":"https:\/\/stampcurio.com\/hu\/wp-json\/wp\/v2\/types\/product"}],"wp:featuredmedia":[{"embeddable":true,"href":"https:\/\/stampcurio.com\/hu\/wp-json\/wp\/v2\/media\/33649"}],"wp:attachment":[{"href":"https:\/\/stampcurio.com\/hu\/wp-json\/wp\/v2\/media?parent=27316"}],"wp:term":[{"taxonomy":"product_brand","embeddable":true,"href":"https:\/\/stampcurio.com\/hu\/wp-json\/wp\/v2\/product_brand?post=27316"},{"taxonomy":"product_cat","embeddable":true,"href":"https:\/\/stampcurio.com\/hu\/wp-json\/wp\/v2\/product_cat?post=27316"},{"taxonomy":"product_tag","embeddable":true,"href":"https:\/\/stampcurio.com\/hu\/wp-json\/wp\/v2\/product_tag?post=27316"}],"curies":[{"name":"wp","href":"https:\/\/api.w.org\/{rel}","templated":true}]}}