{"id":27315,"date":"2025-11-24T16:28:53","date_gmt":"2025-11-24T15:28:53","guid":{"rendered":"https:\/\/stampcurio.com\/product\/1950-magyarorszag-virag-ivsarki-postatiszta-vagott-sor-phu-50-eur\/"},"modified":"2026-01-09T21:35:28","modified_gmt":"2026-01-09T20:35:28","slug":"1950-magyarorszag-virag-ivsarki-postatiszta-vagott-sor-mi-1112-1116-phu-1168-1172-62-5-eur","status":"publish","type":"product","link":"https:\/\/stampcurio.com\/hu\/termek\/1950-magyarorszag-virag-ivsarki-postatiszta-vagott-sor-mi-1112-1116-phu-1168-1172-62-5-eur\/","title":{"rendered":"1950 Magyarorsz\u00e1g &#8211; Vir\u00e1g \u00edvsarki postatiszta v\u00e1gott sor | Mi: 1112-1116 | Phu: 1168-1172 \/ 62.5 EUR"},"content":{"rendered":"","protected":false},"excerpt":{"rendered":"","protected":false},"featured_media":33915,"template":"","meta":[],"product_brand":[],"product_cat":[1172],"product_tag":[1669,116],"class_list":{"0":"post-27315","1":"product","2":"type-product","3":"status-publish","4":"has-post-thumbnail","6":"product_cat-magyarorszag","7":"product_tag-3rd-auction","8":"product_tag-belyeg","10":"first","11":"outofstock","12":"sold-individually","13":"shipping-taxable","14":"purchasable","15":"product-type-simple"},"_links":{"self":[{"href":"https:\/\/stampcurio.com\/hu\/wp-json\/wp\/v2\/product\/27315","targetHints":{"allow":["GET"]}}],"collection":[{"href":"https:\/\/stampcurio.com\/hu\/wp-json\/wp\/v2\/product"}],"about":[{"href":"https:\/\/stampcurio.com\/hu\/wp-json\/wp\/v2\/types\/product"}],"wp:featuredmedia":[{"embeddable":true,"href":"https:\/\/stampcurio.com\/hu\/wp-json\/wp\/v2\/media\/33915"}],"wp:attachment":[{"href":"https:\/\/stampcurio.com\/hu\/wp-json\/wp\/v2\/media?parent=27315"}],"wp:term":[{"taxonomy":"product_brand","embeddable":true,"href":"https:\/\/stampcurio.com\/hu\/wp-json\/wp\/v2\/product_brand?post=27315"},{"taxonomy":"product_cat","embeddable":true,"href":"https:\/\/stampcurio.com\/hu\/wp-json\/wp\/v2\/product_cat?post=27315"},{"taxonomy":"product_tag","embeddable":true,"href":"https:\/\/stampcurio.com\/hu\/wp-json\/wp\/v2\/product_tag?post=27315"}],"curies":[{"name":"wp","href":"https:\/\/api.w.org\/{rel}","templated":true}]}}