{"id":27314,"date":"2025-11-24T16:28:53","date_gmt":"2025-11-24T15:28:53","guid":{"rendered":"https:\/\/stampcurio.com\/product\/1900-magyarorszag-ddsg-20-filler-par-szep-zimony-belyegzovel\/"},"modified":"2025-12-05T04:02:58","modified_gmt":"2025-12-05T03:02:58","slug":"1901-ausztria-magyarorszag-ddsg-20-filler-par-szep-zimony-belyegzovel","status":"publish","type":"product","link":"https:\/\/stampcurio.com\/hu\/termek\/1901-ausztria-magyarorszag-ddsg-20-filler-par-szep-zimony-belyegzovel\/","title":{"rendered":"1901 Ausztria &#8211; Magyarorsz\u00e1g &#8211; DDSG 20 fill\u00e9r p\u00e1r sz\u00e9p ZIMONY b\u00e9lyegz\u0151vel"},"content":{"rendered":"","protected":false},"excerpt":{"rendered":"","protected":false},"featured_media":30640,"template":"","meta":[],"product_brand":[],"product_cat":[1178,1172,1208,1245],"product_tag":[1669,116,323,1041],"class_list":{"0":"post-27314","1":"product","2":"type-product","3":"status-publish","4":"has-post-thumbnail","6":"product_cat-ausztria","7":"product_cat-magyarorszag","8":"product_cat-romania","9":"product_cat-szerbia","10":"product_tag-3rd-auction","11":"product_tag-belyeg","12":"product_tag-ddsg","13":"product_tag-marcophily-hu","15":"first","16":"outofstock","17":"sold-individually","18":"shipping-taxable","19":"purchasable","20":"product-type-simple"},"_links":{"self":[{"href":"https:\/\/stampcurio.com\/hu\/wp-json\/wp\/v2\/product\/27314","targetHints":{"allow":["GET"]}}],"collection":[{"href":"https:\/\/stampcurio.com\/hu\/wp-json\/wp\/v2\/product"}],"about":[{"href":"https:\/\/stampcurio.com\/hu\/wp-json\/wp\/v2\/types\/product"}],"wp:featuredmedia":[{"embeddable":true,"href":"https:\/\/stampcurio.com\/hu\/wp-json\/wp\/v2\/media\/30640"}],"wp:attachment":[{"href":"https:\/\/stampcurio.com\/hu\/wp-json\/wp\/v2\/media?parent=27314"}],"wp:term":[{"taxonomy":"product_brand","embeddable":true,"href":"https:\/\/stampcurio.com\/hu\/wp-json\/wp\/v2\/product_brand?post=27314"},{"taxonomy":"product_cat","embeddable":true,"href":"https:\/\/stampcurio.com\/hu\/wp-json\/wp\/v2\/product_cat?post=27314"},{"taxonomy":"product_tag","embeddable":true,"href":"https:\/\/stampcurio.com\/hu\/wp-json\/wp\/v2\/product_tag?post=27314"}],"curies":[{"name":"wp","href":"https:\/\/api.w.org\/{rel}","templated":true}]}}