{"id":27313,"date":"2025-11-24T16:28:52","date_gmt":"2025-11-24T15:28:52","guid":{"rendered":"https:\/\/stampcurio.com\/product\/1951-magyarorszag-virag-i-1-ft-pecsetelt-a-nyomat-jobb-felso-sarka-hianyzik\/"},"modified":"2025-12-05T04:02:59","modified_gmt":"2025-12-05T03:02:59","slug":"1951-magyarorszag-virag-i-1-ft-pecsetelt-tevnyomat-a-nyomat-jobb-felso-sarka-hianyzik","status":"publish","type":"product","link":"https:\/\/stampcurio.com\/hu\/termek\/1951-magyarorszag-virag-i-1-ft-pecsetelt-tevnyomat-a-nyomat-jobb-felso-sarka-hianyzik\/","title":{"rendered":"1951 Magyarorsz\u00e1g &#8211; Vir\u00e1g I. 1 Ft pecs\u00e9telt t\u00e9vnyomat \u2013 a nyomat jobb fels\u0151 sarka hi\u00e1nyzik"},"content":{"rendered":"","protected":false},"excerpt":{"rendered":"","protected":false},"featured_media":30622,"template":"","meta":[],"product_brand":[],"product_cat":[1172],"product_tag":[1669,116,217],"class_list":{"0":"post-27313","1":"product","2":"type-product","3":"status-publish","4":"has-post-thumbnail","6":"product_cat-magyarorszag","7":"product_tag-3rd-auction","8":"product_tag-belyeg","9":"product_tag-tevnyomat","11":"first","12":"outofstock","13":"sold-individually","14":"shipping-taxable","15":"purchasable","16":"product-type-simple"},"_links":{"self":[{"href":"https:\/\/stampcurio.com\/hu\/wp-json\/wp\/v2\/product\/27313","targetHints":{"allow":["GET"]}}],"collection":[{"href":"https:\/\/stampcurio.com\/hu\/wp-json\/wp\/v2\/product"}],"about":[{"href":"https:\/\/stampcurio.com\/hu\/wp-json\/wp\/v2\/types\/product"}],"wp:featuredmedia":[{"embeddable":true,"href":"https:\/\/stampcurio.com\/hu\/wp-json\/wp\/v2\/media\/30622"}],"wp:attachment":[{"href":"https:\/\/stampcurio.com\/hu\/wp-json\/wp\/v2\/media?parent=27313"}],"wp:term":[{"taxonomy":"product_brand","embeddable":true,"href":"https:\/\/stampcurio.com\/hu\/wp-json\/wp\/v2\/product_brand?post=27313"},{"taxonomy":"product_cat","embeddable":true,"href":"https:\/\/stampcurio.com\/hu\/wp-json\/wp\/v2\/product_cat?post=27313"},{"taxonomy":"product_tag","embeddable":true,"href":"https:\/\/stampcurio.com\/hu\/wp-json\/wp\/v2\/product_tag?post=27313"}],"curies":[{"name":"wp","href":"https:\/\/api.w.org\/{rel}","templated":true}]}}