{"id":27312,"date":"2025-11-24T16:28:52","date_gmt":"2025-11-24T15:28:52","guid":{"rendered":"https:\/\/stampcurio.com\/product\/1864-magyarorszag-szep-holgylevel-zipferbrief-tata-pest\/"},"modified":"2025-12-05T04:02:59","modified_gmt":"2025-12-05T03:02:59","slug":"1864-ausztria-magyarorszag-szep-dekorativ-level-tatarol-pestre-kuldve","status":"publish","type":"product","link":"https:\/\/stampcurio.com\/hu\/termek\/1864-ausztria-magyarorszag-szep-dekorativ-level-tatarol-pestre-kuldve\/","title":{"rendered":"1864 Ausztria &#8211; Magyarorsz\u00e1g &#8211; sz\u00e9p dekorat\u00edv lev\u00e9l Tat\u00e1r\u00f3l Pestre k\u00fcldve"},"content":{"rendered":"","protected":false},"excerpt":{"rendered":"","protected":false},"featured_media":28914,"template":"","meta":[],"product_brand":[],"product_cat":[1178,1172],"product_tag":[1669,176,89],"class_list":{"0":"post-27312","1":"product","2":"type-product","3":"status-publish","4":"has-post-thumbnail","6":"product_cat-ausztria","7":"product_cat-magyarorszag","8":"product_tag-3rd-auction","9":"product_tag-philagem","10":"product_tag-postatortenet","12":"first","13":"outofstock","14":"sold-individually","15":"shipping-taxable","16":"purchasable","17":"product-type-simple"},"_links":{"self":[{"href":"https:\/\/stampcurio.com\/hu\/wp-json\/wp\/v2\/product\/27312","targetHints":{"allow":["GET"]}}],"collection":[{"href":"https:\/\/stampcurio.com\/hu\/wp-json\/wp\/v2\/product"}],"about":[{"href":"https:\/\/stampcurio.com\/hu\/wp-json\/wp\/v2\/types\/product"}],"wp:featuredmedia":[{"embeddable":true,"href":"https:\/\/stampcurio.com\/hu\/wp-json\/wp\/v2\/media\/28914"}],"wp:attachment":[{"href":"https:\/\/stampcurio.com\/hu\/wp-json\/wp\/v2\/media?parent=27312"}],"wp:term":[{"taxonomy":"product_brand","embeddable":true,"href":"https:\/\/stampcurio.com\/hu\/wp-json\/wp\/v2\/product_brand?post=27312"},{"taxonomy":"product_cat","embeddable":true,"href":"https:\/\/stampcurio.com\/hu\/wp-json\/wp\/v2\/product_cat?post=27312"},{"taxonomy":"product_tag","embeddable":true,"href":"https:\/\/stampcurio.com\/hu\/wp-json\/wp\/v2\/product_tag?post=27312"}],"curies":[{"name":"wp","href":"https:\/\/api.w.org\/{rel}","templated":true}]}}