{"id":27310,"date":"2025-11-24T16:28:51","date_gmt":"2025-11-24T15:28:51","guid":{"rendered":"https:\/\/stampcurio.com\/product\/1867-71-magyarorszag-vegyes-bermentesites-postautalvany-kivagason-majs-belyegzes-phu-450-eur\/"},"modified":"2025-12-05T04:02:59","modified_gmt":"2025-12-05T03:02:59","slug":"1867-1871-magyarorszag-vegyes-bermentesites-1867-10kr-es-1871-konyomat-5kr-postautalvany-kivagason-majsa-belyegzessel-phu-450-eur","status":"publish","type":"product","link":"https:\/\/stampcurio.com\/hu\/termek\/1867-1871-magyarorszag-vegyes-bermentesites-1867-10kr-es-1871-konyomat-5kr-postautalvany-kivagason-majsa-belyegzessel-phu-450-eur\/","title":{"rendered":"1867 \/ 1871 Magyarorsz\u00e1g &#8211; Vegyes b\u00e9rmentes\u00edt\u00e9s 1867 10kr \u00e9s 1871 k\u0151nyomat 5kr postautalv\u00e1ny kiv\u00e1g\u00e1son MAJSA b\u00e9lyegz\u00e9ssel | Phu: 450 EUR"},"content":{"rendered":"","protected":false},"excerpt":{"rendered":"","protected":false},"featured_media":34722,"template":"","meta":[],"product_brand":[],"product_cat":[1178,1172],"product_tag":[1669,116,1041,89,172],"class_list":{"0":"post-27310","1":"product","2":"type-product","3":"status-publish","4":"has-post-thumbnail","6":"product_cat-ausztria","7":"product_cat-magyarorszag","8":"product_tag-3rd-auction","9":"product_tag-belyeg","10":"product_tag-marcophily-hu","11":"product_tag-postatortenet","12":"product_tag-vegyes-bermentesites","14":"first","15":"outofstock","16":"sold-individually","17":"shipping-taxable","18":"purchasable","19":"product-type-simple"},"_links":{"self":[{"href":"https:\/\/stampcurio.com\/hu\/wp-json\/wp\/v2\/product\/27310","targetHints":{"allow":["GET"]}}],"collection":[{"href":"https:\/\/stampcurio.com\/hu\/wp-json\/wp\/v2\/product"}],"about":[{"href":"https:\/\/stampcurio.com\/hu\/wp-json\/wp\/v2\/types\/product"}],"wp:featuredmedia":[{"embeddable":true,"href":"https:\/\/stampcurio.com\/hu\/wp-json\/wp\/v2\/media\/34722"}],"wp:attachment":[{"href":"https:\/\/stampcurio.com\/hu\/wp-json\/wp\/v2\/media?parent=27310"}],"wp:term":[{"taxonomy":"product_brand","embeddable":true,"href":"https:\/\/stampcurio.com\/hu\/wp-json\/wp\/v2\/product_brand?post=27310"},{"taxonomy":"product_cat","embeddable":true,"href":"https:\/\/stampcurio.com\/hu\/wp-json\/wp\/v2\/product_cat?post=27310"},{"taxonomy":"product_tag","embeddable":true,"href":"https:\/\/stampcurio.com\/hu\/wp-json\/wp\/v2\/product_tag?post=27310"}],"curies":[{"name":"wp","href":"https:\/\/api.w.org\/{rel}","templated":true}]}}