{"id":27309,"date":"2025-11-24T16:28:51","date_gmt":"2025-11-24T15:28:51","guid":{"rendered":"https:\/\/stampcurio.com\/product\/horvatorszag-kr-postarski-vukovar-rendkivul-ritka-belyegzes-tavirati-postautalvany-belyegzesen-gudlin-n-a\/"},"modified":"2026-01-05T15:12:11","modified_gmt":"2026-01-05T14:12:11","slug":"1878-magyarorszag-horvatorszag-kr-postarski-vukovar-rendkivul-ritka-belyegzes-tavirati-postautalvany-kivagason-gudlin-n-a","status":"publish","type":"product","link":"https:\/\/stampcurio.com\/hu\/termek\/1878-magyarorszag-horvatorszag-kr-postarski-vukovar-rendkivul-ritka-belyegzes-tavirati-postautalvany-kivagason-gudlin-n-a\/","title":{"rendered":"1878 Magyarorsz\u00e1g &#8211; Horv\u00e1torsz\u00e1g &#8211; KR. POSTARSKI VUKOVAR rendk\u00edv\u00fcl ritka b\u00e9lyegz\u00e9s t\u00e1virati postautalv\u00e1ny kiv\u00e1g\u00e1son | Gudlin: N\/A"},"content":{"rendered":"","protected":false},"excerpt":{"rendered":"","protected":false},"featured_media":30674,"template":"","meta":[],"product_brand":[],"product_cat":[1192,1172],"product_tag":[1669,116,1041,89,1006],"class_list":{"0":"post-27309","1":"product","2":"type-product","3":"status-publish","4":"has-post-thumbnail","6":"product_cat-horvatorszag","7":"product_cat-magyarorszag","8":"product_tag-3rd-auction","9":"product_tag-belyeg","10":"product_tag-marcophily-hu","11":"product_tag-postatortenet","12":"product_tag-unsold","14":"first","15":"instock","16":"sold-individually","17":"shipping-taxable","18":"purchasable","19":"product-type-simple"},"_links":{"self":[{"href":"https:\/\/stampcurio.com\/hu\/wp-json\/wp\/v2\/product\/27309","targetHints":{"allow":["GET"]}}],"collection":[{"href":"https:\/\/stampcurio.com\/hu\/wp-json\/wp\/v2\/product"}],"about":[{"href":"https:\/\/stampcurio.com\/hu\/wp-json\/wp\/v2\/types\/product"}],"wp:featuredmedia":[{"embeddable":true,"href":"https:\/\/stampcurio.com\/hu\/wp-json\/wp\/v2\/media\/30674"}],"wp:attachment":[{"href":"https:\/\/stampcurio.com\/hu\/wp-json\/wp\/v2\/media?parent=27309"}],"wp:term":[{"taxonomy":"product_brand","embeddable":true,"href":"https:\/\/stampcurio.com\/hu\/wp-json\/wp\/v2\/product_brand?post=27309"},{"taxonomy":"product_cat","embeddable":true,"href":"https:\/\/stampcurio.com\/hu\/wp-json\/wp\/v2\/product_cat?post=27309"},{"taxonomy":"product_tag","embeddable":true,"href":"https:\/\/stampcurio.com\/hu\/wp-json\/wp\/v2\/product_tag?post=27309"}],"curies":[{"name":"wp","href":"https:\/\/api.w.org\/{rel}","templated":true}]}}