{"id":27308,"date":"2025-11-24T16:28:48","date_gmt":"2025-11-24T15:28:48","guid":{"rendered":"https:\/\/stampcurio.com\/product\/1900-magyarorszag-petervarad-petrovaradin-ovalis-belyegzes-50-kr-2x4-filler-vegyes-bermentesitesen-gudlin-100-pont\/"},"modified":"2025-12-05T04:03:00","modified_gmt":"2025-12-05T03:03:00","slug":"1900-magyarorszag-petervarad-petrovaradin-ovalis-belyegzes-50-kr-2x4-filler-vegyes-bermentesites-kivagason-gudlin-100-pont","status":"publish","type":"product","link":"https:\/\/stampcurio.com\/hu\/termek\/1900-magyarorszag-petervarad-petrovaradin-ovalis-belyegzes-50-kr-2x4-filler-vegyes-bermentesites-kivagason-gudlin-100-pont\/","title":{"rendered":"1900 Magyarorsz\u00e1g &#8211; P\u00c9TERV\u00c1RAD \/ PETROVARADIN ov\u00e1lis b\u00e9lyegz\u00e9s 50 kr + 2&#215;4 fill\u00e9r vegyes b\u00e9rmentes\u00edt\u00e9s kiv\u00e1g\u00e1son | Gudlin: 100 pont"},"content":{"rendered":"","protected":false},"excerpt":{"rendered":"<p>Az 50 kr b\u00e9lyegen hajt\u00e1snyom.<\/p>\n","protected":false},"featured_media":30700,"template":"","meta":[],"product_brand":[],"product_cat":[1172,1245],"product_tag":[1669,116,1041,172],"class_list":{"0":"post-27308","1":"product","2":"type-product","3":"status-publish","4":"has-post-thumbnail","6":"product_cat-magyarorszag","7":"product_cat-szerbia","8":"product_tag-3rd-auction","9":"product_tag-belyeg","10":"product_tag-marcophily-hu","11":"product_tag-vegyes-bermentesites","13":"first","14":"outofstock","15":"sold-individually","16":"shipping-taxable","17":"purchasable","18":"product-type-simple"},"_links":{"self":[{"href":"https:\/\/stampcurio.com\/hu\/wp-json\/wp\/v2\/product\/27308","targetHints":{"allow":["GET"]}}],"collection":[{"href":"https:\/\/stampcurio.com\/hu\/wp-json\/wp\/v2\/product"}],"about":[{"href":"https:\/\/stampcurio.com\/hu\/wp-json\/wp\/v2\/types\/product"}],"wp:featuredmedia":[{"embeddable":true,"href":"https:\/\/stampcurio.com\/hu\/wp-json\/wp\/v2\/media\/30700"}],"wp:attachment":[{"href":"https:\/\/stampcurio.com\/hu\/wp-json\/wp\/v2\/media?parent=27308"}],"wp:term":[{"taxonomy":"product_brand","embeddable":true,"href":"https:\/\/stampcurio.com\/hu\/wp-json\/wp\/v2\/product_brand?post=27308"},{"taxonomy":"product_cat","embeddable":true,"href":"https:\/\/stampcurio.com\/hu\/wp-json\/wp\/v2\/product_cat?post=27308"},{"taxonomy":"product_tag","embeddable":true,"href":"https:\/\/stampcurio.com\/hu\/wp-json\/wp\/v2\/product_tag?post=27308"}],"curies":[{"name":"wp","href":"https:\/\/api.w.org\/{rel}","templated":true}]}}