{"id":27305,"date":"2025-11-24T16:28:47","date_gmt":"2025-11-24T15:28:47","guid":{"rendered":"https:\/\/stampcurio.com\/product\/1936-magyarorszag-episcopia-biharului-puspokladany-ritka-jegykezelo-menet-belyegzo\/"},"modified":"2026-01-07T14:17:43","modified_gmt":"2026-01-07T13:17:43","slug":"1936-magyarorszag-episcopia-biharului-puspokladany-ritka-mozgoposta-jegykezelo-menet-belyegzo","status":"publish","type":"product","link":"https:\/\/stampcurio.com\/hu\/termek\/1936-magyarorszag-episcopia-biharului-puspokladany-ritka-mozgoposta-jegykezelo-menet-belyegzo\/","title":{"rendered":"1936 Magyarorsz\u00e1g &#8211; Episcopia-Biharului-P\u00fcsp\u00f6klad\u00e1ny ritka mozg\u00f3posta \/ jegykezel\u0151 menet b\u00e9lyegz\u0151"},"content":{"rendered":"","protected":false},"excerpt":{"rendered":"","protected":false},"featured_media":30680,"template":"","meta":[],"product_brand":[],"product_cat":[1172,1208],"product_tag":[1669,1041,1267],"class_list":{"0":"post-27305","1":"product","2":"type-product","3":"status-publish","4":"has-post-thumbnail","6":"product_cat-magyarorszag","7":"product_cat-romania","8":"product_tag-3rd-auction","9":"product_tag-marcophily-hu","10":"product_tag-mozgoposta","12":"first","13":"outofstock","14":"sold-individually","15":"shipping-taxable","16":"purchasable","17":"product-type-simple"},"_links":{"self":[{"href":"https:\/\/stampcurio.com\/hu\/wp-json\/wp\/v2\/product\/27305","targetHints":{"allow":["GET"]}}],"collection":[{"href":"https:\/\/stampcurio.com\/hu\/wp-json\/wp\/v2\/product"}],"about":[{"href":"https:\/\/stampcurio.com\/hu\/wp-json\/wp\/v2\/types\/product"}],"wp:featuredmedia":[{"embeddable":true,"href":"https:\/\/stampcurio.com\/hu\/wp-json\/wp\/v2\/media\/30680"}],"wp:attachment":[{"href":"https:\/\/stampcurio.com\/hu\/wp-json\/wp\/v2\/media?parent=27305"}],"wp:term":[{"taxonomy":"product_brand","embeddable":true,"href":"https:\/\/stampcurio.com\/hu\/wp-json\/wp\/v2\/product_brand?post=27305"},{"taxonomy":"product_cat","embeddable":true,"href":"https:\/\/stampcurio.com\/hu\/wp-json\/wp\/v2\/product_cat?post=27305"},{"taxonomy":"product_tag","embeddable":true,"href":"https:\/\/stampcurio.com\/hu\/wp-json\/wp\/v2\/product_tag?post=27305"}],"curies":[{"name":"wp","href":"https:\/\/api.w.org\/{rel}","templated":true}]}}