{"id":27304,"date":"2025-11-24T16:28:47","date_gmt":"2025-11-24T15:28:47","guid":{"rendered":"https:\/\/stampcurio.com\/product\/1937-magyarorszag-magyar-kiralyi-mozgoposta-ab-belyegzo-lenyomata-a-classohn-hagyatekbol\/"},"modified":"2026-01-05T15:12:12","modified_gmt":"2026-01-05T14:12:12","slug":"1937-magyarorszag-magyar-kiralyi-mozgoposta-a-es-b-belyegzoinek-luxus-lenyomata-a-klassohn-hagyatekbol","status":"publish","type":"product","link":"https:\/\/stampcurio.com\/hu\/termek\/1937-magyarorszag-magyar-kiralyi-mozgoposta-a-es-b-belyegzoinek-luxus-lenyomata-a-klassohn-hagyatekbol\/","title":{"rendered":"1937 Magyarorsz\u00e1g &#8211; Magyar Kir\u00e1lyi Mozg\u00f3posta A \u00e9s B b\u00e9lyegz\u0151inek luxus lenyomata a Klassohn hagyat\u00e9kb\u00f3l"},"content":{"rendered":"","protected":false},"excerpt":{"rendered":"","protected":false},"featured_media":30652,"template":"","meta":[],"product_brand":[],"product_cat":[1172],"product_tag":[1669,1041,1267,89,1006],"class_list":{"0":"post-27304","1":"product","2":"type-product","3":"status-publish","4":"has-post-thumbnail","6":"product_cat-magyarorszag","7":"product_tag-3rd-auction","8":"product_tag-marcophily-hu","9":"product_tag-mozgoposta","10":"product_tag-postatortenet","11":"product_tag-unsold","13":"first","14":"instock","15":"sold-individually","16":"shipping-taxable","17":"purchasable","18":"product-type-simple"},"_links":{"self":[{"href":"https:\/\/stampcurio.com\/hu\/wp-json\/wp\/v2\/product\/27304","targetHints":{"allow":["GET"]}}],"collection":[{"href":"https:\/\/stampcurio.com\/hu\/wp-json\/wp\/v2\/product"}],"about":[{"href":"https:\/\/stampcurio.com\/hu\/wp-json\/wp\/v2\/types\/product"}],"wp:featuredmedia":[{"embeddable":true,"href":"https:\/\/stampcurio.com\/hu\/wp-json\/wp\/v2\/media\/30652"}],"wp:attachment":[{"href":"https:\/\/stampcurio.com\/hu\/wp-json\/wp\/v2\/media?parent=27304"}],"wp:term":[{"taxonomy":"product_brand","embeddable":true,"href":"https:\/\/stampcurio.com\/hu\/wp-json\/wp\/v2\/product_brand?post=27304"},{"taxonomy":"product_cat","embeddable":true,"href":"https:\/\/stampcurio.com\/hu\/wp-json\/wp\/v2\/product_cat?post=27304"},{"taxonomy":"product_tag","embeddable":true,"href":"https:\/\/stampcurio.com\/hu\/wp-json\/wp\/v2\/product_tag?post=27304"}],"curies":[{"name":"wp","href":"https:\/\/api.w.org\/{rel}","templated":true}]}}