{"id":27302,"date":"2025-11-24T16:28:46","date_gmt":"2025-11-24T15:28:46","guid":{"rendered":"https:\/\/stampcurio.com\/product\/magyarorszag-radosocz-gudlin-150\/"},"modified":"2025-12-05T04:03:01","modified_gmt":"2025-12-05T03:03:01","slug":"1874-magyarorszag-radosocz-lebelyegzes-kivagason-gudlin-150-pont","status":"publish","type":"product","link":"https:\/\/stampcurio.com\/hu\/termek\/1874-magyarorszag-radosocz-lebelyegzes-kivagason-gudlin-150-pont\/","title":{"rendered":"1874 Magyarorsz\u00e1g &#8211; RADOSOCZ leb\u00e9lyegz\u00e9s kiv\u00e1g\u00e1son | Gudlin: 150 pont"},"content":{"rendered":"","protected":false},"excerpt":{"rendered":"","protected":false},"featured_media":30696,"template":"","meta":[],"product_brand":[],"product_cat":[1172,1189],"product_tag":[1669,116,1041],"class_list":{"0":"post-27302","1":"product","2":"type-product","3":"status-publish","4":"has-post-thumbnail","6":"product_cat-magyarorszag","7":"product_cat-szlovakia","8":"product_tag-3rd-auction","9":"product_tag-belyeg","10":"product_tag-marcophily-hu","12":"first","13":"outofstock","14":"sold-individually","15":"shipping-taxable","16":"purchasable","17":"product-type-simple"},"_links":{"self":[{"href":"https:\/\/stampcurio.com\/hu\/wp-json\/wp\/v2\/product\/27302","targetHints":{"allow":["GET"]}}],"collection":[{"href":"https:\/\/stampcurio.com\/hu\/wp-json\/wp\/v2\/product"}],"about":[{"href":"https:\/\/stampcurio.com\/hu\/wp-json\/wp\/v2\/types\/product"}],"wp:featuredmedia":[{"embeddable":true,"href":"https:\/\/stampcurio.com\/hu\/wp-json\/wp\/v2\/media\/30696"}],"wp:attachment":[{"href":"https:\/\/stampcurio.com\/hu\/wp-json\/wp\/v2\/media?parent=27302"}],"wp:term":[{"taxonomy":"product_brand","embeddable":true,"href":"https:\/\/stampcurio.com\/hu\/wp-json\/wp\/v2\/product_brand?post=27302"},{"taxonomy":"product_cat","embeddable":true,"href":"https:\/\/stampcurio.com\/hu\/wp-json\/wp\/v2\/product_cat?post=27302"},{"taxonomy":"product_tag","embeddable":true,"href":"https:\/\/stampcurio.com\/hu\/wp-json\/wp\/v2\/product_tag?post=27302"}],"curies":[{"name":"wp","href":"https:\/\/api.w.org\/{rel}","templated":true}]}}