{"id":27301,"date":"2025-11-24T16:28:46","date_gmt":"2025-11-24T15:28:46","guid":{"rendered":"https:\/\/stampcurio.com\/product\/magyarorszag-babocsa-somogy-m-1871-74-vegyes-gudlin-200-50\/"},"modified":"2026-01-20T17:45:29","modified_gmt":"2026-01-20T16:45:29","slug":"1871-magyarorszag-babocsa-somogy-m-lebelyegzes-1871-1874-vegyes-bermentesitesen-kivagason-gudlin-200-50-pont","status":"publish","type":"product","link":"https:\/\/stampcurio.com\/hu\/termek\/1871-magyarorszag-babocsa-somogy-m-lebelyegzes-1871-1874-vegyes-bermentesitesen-kivagason-gudlin-200-50-pont\/","title":{"rendered":"1871 Magyarorsz\u00e1g &#8211; BAB\u00d3CSA \/ SOMOGY. M. leb\u00e9lyegz\u00e9s 1871 &#8211; 1874 vegyes b\u00e9rmentes\u00edt\u00e9sen kiv\u00e1g\u00e1son | Gudlin: 200 + 50 pont"},"content":{"rendered":"","protected":false},"excerpt":{"rendered":"","protected":false},"featured_media":30702,"template":"","meta":[],"product_brand":[],"product_cat":[1172],"product_tag":[1669,116,1041,172],"class_list":{"0":"post-27301","1":"product","2":"type-product","3":"status-publish","4":"has-post-thumbnail","6":"product_cat-magyarorszag","7":"product_tag-3rd-auction","8":"product_tag-belyeg","9":"product_tag-marcophily-hu","10":"product_tag-vegyes-bermentesites","12":"first","13":"outofstock","14":"sold-individually","15":"shipping-taxable","16":"purchasable","17":"product-type-simple"},"_links":{"self":[{"href":"https:\/\/stampcurio.com\/hu\/wp-json\/wp\/v2\/product\/27301","targetHints":{"allow":["GET"]}}],"collection":[{"href":"https:\/\/stampcurio.com\/hu\/wp-json\/wp\/v2\/product"}],"about":[{"href":"https:\/\/stampcurio.com\/hu\/wp-json\/wp\/v2\/types\/product"}],"wp:featuredmedia":[{"embeddable":true,"href":"https:\/\/stampcurio.com\/hu\/wp-json\/wp\/v2\/media\/30702"}],"wp:attachment":[{"href":"https:\/\/stampcurio.com\/hu\/wp-json\/wp\/v2\/media?parent=27301"}],"wp:term":[{"taxonomy":"product_brand","embeddable":true,"href":"https:\/\/stampcurio.com\/hu\/wp-json\/wp\/v2\/product_brand?post=27301"},{"taxonomy":"product_cat","embeddable":true,"href":"https:\/\/stampcurio.com\/hu\/wp-json\/wp\/v2\/product_cat?post=27301"},{"taxonomy":"product_tag","embeddable":true,"href":"https:\/\/stampcurio.com\/hu\/wp-json\/wp\/v2\/product_tag?post=27301"}],"curies":[{"name":"wp","href":"https:\/\/api.w.org\/{rel}","templated":true}]}}