{"id":27297,"date":"2025-11-24T16:28:44","date_gmt":"2025-11-24T15:28:44","guid":{"rendered":"https:\/\/stampcurio.com\/product\/magyarorszag-alsohunkoc-%d1%85%d1%83%d0%bd%d1%8a%d0%ba%d0%be%d0%b2%d1%86%d1%8b\/"},"modified":"2025-12-05T04:03:02","modified_gmt":"2025-12-05T03:03:02","slug":"1940-magyarorszag-alsohunkoc-%d1%85%d1%83%d0%bd%d1%8a%d0%ba%d0%be%d0%b2%d1%86%d1%8b-ketnyelvu-ruten-magyar-postaugynokseg-belyegzes-kivagason-karpatalja-pu-500-pont","status":"publish","type":"product","link":"https:\/\/stampcurio.com\/hu\/termek\/1940-magyarorszag-alsohunkoc-%d1%85%d1%83%d0%bd%d1%8a%d0%ba%d0%be%d0%b2%d1%86%d1%8b-ketnyelvu-ruten-magyar-postaugynokseg-belyegzes-kivagason-karpatalja-pu-500-pont\/","title":{"rendered":"1940 Magyarorsz\u00e1g &#8211; ALS\u00d3HUNK\u00d3C \/ \u0425\u0423\u041d\u042a\u041a\u041e\u0412\u0426\u042b k\u00e9tnyelv\u0171 rut\u00e9n &#8211; magyar posta\u00fcgyn\u00f6ks\u00e9g b\u00e9lyegz\u00e9s kiv\u00e1g\u00e1son | K\u00e1rp\u00e1talja | P\u00dc 500 pont"},"content":{"rendered":"","protected":false},"excerpt":{"rendered":"","protected":false},"featured_media":30644,"template":"","meta":[],"product_brand":[],"product_cat":[1172,1189,1226],"product_tag":[1669,1041,1269],"class_list":{"0":"post-27297","1":"product","2":"type-product","3":"status-publish","4":"has-post-thumbnail","6":"product_cat-magyarorszag","7":"product_cat-szlovakia","8":"product_cat-ukrajna","9":"product_tag-3rd-auction","10":"product_tag-marcophily-hu","11":"product_tag-postaugynokseg","13":"first","14":"outofstock","15":"sold-individually","16":"shipping-taxable","17":"purchasable","18":"product-type-simple"},"_links":{"self":[{"href":"https:\/\/stampcurio.com\/hu\/wp-json\/wp\/v2\/product\/27297","targetHints":{"allow":["GET"]}}],"collection":[{"href":"https:\/\/stampcurio.com\/hu\/wp-json\/wp\/v2\/product"}],"about":[{"href":"https:\/\/stampcurio.com\/hu\/wp-json\/wp\/v2\/types\/product"}],"wp:featuredmedia":[{"embeddable":true,"href":"https:\/\/stampcurio.com\/hu\/wp-json\/wp\/v2\/media\/30644"}],"wp:attachment":[{"href":"https:\/\/stampcurio.com\/hu\/wp-json\/wp\/v2\/media?parent=27297"}],"wp:term":[{"taxonomy":"product_brand","embeddable":true,"href":"https:\/\/stampcurio.com\/hu\/wp-json\/wp\/v2\/product_brand?post=27297"},{"taxonomy":"product_cat","embeddable":true,"href":"https:\/\/stampcurio.com\/hu\/wp-json\/wp\/v2\/product_cat?post=27297"},{"taxonomy":"product_tag","embeddable":true,"href":"https:\/\/stampcurio.com\/hu\/wp-json\/wp\/v2\/product_tag?post=27297"}],"curies":[{"name":"wp","href":"https:\/\/api.w.org\/{rel}","templated":true}]}}