{"id":27296,"date":"2025-11-24T16:28:44","date_gmt":"2025-11-24T15:28:44","guid":{"rendered":"https:\/\/stampcurio.com\/product\/magyarorszag-vagasudvarhely\/"},"modified":"2026-01-05T15:12:13","modified_gmt":"2026-01-05T14:12:13","slug":"1914-magyarorszag-vagas-udvarhely-vm-postaugynokseg-belyegzes-kivagason-pu-500-pont","status":"publish","type":"product","link":"https:\/\/stampcurio.com\/hu\/termek\/1914-magyarorszag-vagas-udvarhely-vm-postaugynokseg-belyegzes-kivagason-pu-500-pont\/","title":{"rendered":"1914 Magyarorsz\u00e1g &#8211; V\u00c1G\u00c1S UDVARHELY VM. posta\u00fcgyn\u00f6ks\u00e9g b\u00e9lyegz\u00e9s kiv\u00e1g\u00e1son | P\u00dc: 500 pont"},"content":{"rendered":"","protected":false},"excerpt":{"rendered":"","protected":false},"featured_media":30686,"template":"","meta":[],"product_brand":[],"product_cat":[1172,1208],"product_tag":[1669,1041,1269,1006],"class_list":{"0":"post-27296","1":"product","2":"type-product","3":"status-publish","4":"has-post-thumbnail","6":"product_cat-magyarorszag","7":"product_cat-romania","8":"product_tag-3rd-auction","9":"product_tag-marcophily-hu","10":"product_tag-postaugynokseg","11":"product_tag-unsold","13":"first","14":"instock","15":"sold-individually","16":"shipping-taxable","17":"purchasable","18":"product-type-simple"},"_links":{"self":[{"href":"https:\/\/stampcurio.com\/hu\/wp-json\/wp\/v2\/product\/27296","targetHints":{"allow":["GET"]}}],"collection":[{"href":"https:\/\/stampcurio.com\/hu\/wp-json\/wp\/v2\/product"}],"about":[{"href":"https:\/\/stampcurio.com\/hu\/wp-json\/wp\/v2\/types\/product"}],"wp:featuredmedia":[{"embeddable":true,"href":"https:\/\/stampcurio.com\/hu\/wp-json\/wp\/v2\/media\/30686"}],"wp:attachment":[{"href":"https:\/\/stampcurio.com\/hu\/wp-json\/wp\/v2\/media?parent=27296"}],"wp:term":[{"taxonomy":"product_brand","embeddable":true,"href":"https:\/\/stampcurio.com\/hu\/wp-json\/wp\/v2\/product_brand?post=27296"},{"taxonomy":"product_cat","embeddable":true,"href":"https:\/\/stampcurio.com\/hu\/wp-json\/wp\/v2\/product_cat?post=27296"},{"taxonomy":"product_tag","embeddable":true,"href":"https:\/\/stampcurio.com\/hu\/wp-json\/wp\/v2\/product_tag?post=27296"}],"curies":[{"name":"wp","href":"https:\/\/api.w.org\/{rel}","templated":true}]}}