{"id":27291,"date":"2025-11-24T16:28:42","date_gmt":"2025-11-24T15:28:42","guid":{"rendered":"https:\/\/stampcurio.com\/product\/1913-magyarorszag-turul-budapest-gy-50-gyujtobelyegzes-a-postahely-szama-fejjel-lefele-szerepel\/"},"modified":"2026-01-05T15:12:14","modified_gmt":"2026-01-05T14:12:14","slug":"1913-magyarorszag-turul-budapest-gy-50-gyujtobelyegzes-melyen-a-postahely-szama-fejjel-lefele-szerepel","status":"publish","type":"product","link":"https:\/\/stampcurio.com\/hu\/termek\/1913-magyarorszag-turul-budapest-gy-50-gyujtobelyegzes-melyen-a-postahely-szama-fejjel-lefele-szerepel\/","title":{"rendered":"1913 Magyarorsz\u00e1g &#8211; Turul BUDAPEST \/ Gy. 50 gy\u0171jt\u0151b\u00e9lyegz\u00e9s melyen a postahely sz\u00e1ma fejjel lefel\u00e9 szerepel"},"content":{"rendered":"","protected":false},"excerpt":{"rendered":"","protected":false},"featured_media":31114,"template":"","meta":[],"product_brand":[],"product_cat":[1172],"product_tag":[1669,1041,1269,217,1006],"class_list":{"0":"post-27291","1":"product","2":"type-product","3":"status-publish","4":"has-post-thumbnail","6":"product_cat-magyarorszag","7":"product_tag-3rd-auction","8":"product_tag-marcophily-hu","9":"product_tag-postaugynokseg","10":"product_tag-tevnyomat","11":"product_tag-unsold","13":"first","14":"instock","15":"sold-individually","16":"shipping-taxable","17":"purchasable","18":"product-type-simple"},"_links":{"self":[{"href":"https:\/\/stampcurio.com\/hu\/wp-json\/wp\/v2\/product\/27291","targetHints":{"allow":["GET"]}}],"collection":[{"href":"https:\/\/stampcurio.com\/hu\/wp-json\/wp\/v2\/product"}],"about":[{"href":"https:\/\/stampcurio.com\/hu\/wp-json\/wp\/v2\/types\/product"}],"wp:featuredmedia":[{"embeddable":true,"href":"https:\/\/stampcurio.com\/hu\/wp-json\/wp\/v2\/media\/31114"}],"wp:attachment":[{"href":"https:\/\/stampcurio.com\/hu\/wp-json\/wp\/v2\/media?parent=27291"}],"wp:term":[{"taxonomy":"product_brand","embeddable":true,"href":"https:\/\/stampcurio.com\/hu\/wp-json\/wp\/v2\/product_brand?post=27291"},{"taxonomy":"product_cat","embeddable":true,"href":"https:\/\/stampcurio.com\/hu\/wp-json\/wp\/v2\/product_cat?post=27291"},{"taxonomy":"product_tag","embeddable":true,"href":"https:\/\/stampcurio.com\/hu\/wp-json\/wp\/v2\/product_tag?post=27291"}],"curies":[{"name":"wp","href":"https:\/\/api.w.org\/{rel}","templated":true}]}}