{"id":27290,"date":"2025-11-24T16:28:41","date_gmt":"2025-11-24T15:28:41","guid":{"rendered":"https:\/\/stampcurio.com\/product\/1900-magyarorszag-turul-10-filler-probanyomat-szineben-enyvezett-sargas-papiron\/"},"modified":"2026-01-08T14:08:53","modified_gmt":"2026-01-08T13:08:53","slug":"1900-magyarorszag-turul-10-filler-probanyomat-a-vegleges-szinnel-sargasbarna-enyvezett-papiron-postatiszta","status":"publish","type":"product","link":"https:\/\/stampcurio.com\/hu\/termek\/1900-magyarorszag-turul-10-filler-probanyomat-a-vegleges-szinnel-sargasbarna-enyvezett-papiron-postatiszta\/","title":{"rendered":"1900 Magyarorsz\u00e1g &#8211; Turul 10 fill\u00e9r pr\u00f3banyomat a v\u00e9gleges sz\u00ednnel, s\u00e1rg\u00e1sbarna enyvezett pap\u00edron postatiszta **"},"content":{"rendered":"","protected":false},"excerpt":{"rendered":"","protected":false},"featured_media":32261,"template":"","meta":[],"product_brand":[],"product_cat":[1172],"product_tag":[1669,116,390],"class_list":{"0":"post-27290","1":"product","2":"type-product","3":"status-publish","4":"has-post-thumbnail","6":"product_cat-magyarorszag","7":"product_tag-3rd-auction","8":"product_tag-belyeg","9":"product_tag-probanyomat","11":"first","12":"outofstock","13":"sold-individually","14":"shipping-taxable","15":"purchasable","16":"product-type-simple"},"_links":{"self":[{"href":"https:\/\/stampcurio.com\/hu\/wp-json\/wp\/v2\/product\/27290","targetHints":{"allow":["GET"]}}],"collection":[{"href":"https:\/\/stampcurio.com\/hu\/wp-json\/wp\/v2\/product"}],"about":[{"href":"https:\/\/stampcurio.com\/hu\/wp-json\/wp\/v2\/types\/product"}],"wp:featuredmedia":[{"embeddable":true,"href":"https:\/\/stampcurio.com\/hu\/wp-json\/wp\/v2\/media\/32261"}],"wp:attachment":[{"href":"https:\/\/stampcurio.com\/hu\/wp-json\/wp\/v2\/media?parent=27290"}],"wp:term":[{"taxonomy":"product_brand","embeddable":true,"href":"https:\/\/stampcurio.com\/hu\/wp-json\/wp\/v2\/product_brand?post=27290"},{"taxonomy":"product_cat","embeddable":true,"href":"https:\/\/stampcurio.com\/hu\/wp-json\/wp\/v2\/product_cat?post=27290"},{"taxonomy":"product_tag","embeddable":true,"href":"https:\/\/stampcurio.com\/hu\/wp-json\/wp\/v2\/product_tag?post=27290"}],"curies":[{"name":"wp","href":"https:\/\/api.w.org\/{rel}","templated":true}]}}