{"id":27288,"date":"2025-11-24T16:28:40","date_gmt":"2025-11-24T15:28:40","guid":{"rendered":"https:\/\/stampcurio.com\/product\/1850-ausztria-postakonyv-postbuchel-m-zell-2-fuzet\/"},"modified":"2025-12-05T04:03:05","modified_gmt":"2025-12-05T03:03:05","slug":"1850-ausztria-postakonyv-postbuchel-kiado-m-zell-2-kulonfele-fuzet","status":"publish","type":"product","link":"https:\/\/stampcurio.com\/hu\/termek\/1850-ausztria-postakonyv-postbuchel-kiado-m-zell-2-kulonfele-fuzet\/","title":{"rendered":"1850 Ausztria \u2013 Postak\u00f6nyv \/ Postb\u00fcchel \u2013 kiad\u00f3: M. Zell \u2013 2 k\u00fcl\u00f6nf\u00e9le f\u00fczet"},"content":{"rendered":"","protected":false},"excerpt":{"rendered":"","protected":false},"featured_media":28725,"template":"","meta":[],"product_brand":[],"product_cat":[1178],"product_tag":[1669,1721,89],"class_list":{"0":"post-27288","1":"product","2":"type-product","3":"status-publish","4":"has-post-thumbnail","6":"product_cat-ausztria","7":"product_tag-3rd-auction","8":"product_tag-postakonyv","9":"product_tag-postatortenet","11":"first","12":"outofstock","13":"sold-individually","14":"shipping-taxable","15":"purchasable","16":"product-type-simple"},"_links":{"self":[{"href":"https:\/\/stampcurio.com\/hu\/wp-json\/wp\/v2\/product\/27288","targetHints":{"allow":["GET"]}}],"collection":[{"href":"https:\/\/stampcurio.com\/hu\/wp-json\/wp\/v2\/product"}],"about":[{"href":"https:\/\/stampcurio.com\/hu\/wp-json\/wp\/v2\/types\/product"}],"wp:featuredmedia":[{"embeddable":true,"href":"https:\/\/stampcurio.com\/hu\/wp-json\/wp\/v2\/media\/28725"}],"wp:attachment":[{"href":"https:\/\/stampcurio.com\/hu\/wp-json\/wp\/v2\/media?parent=27288"}],"wp:term":[{"taxonomy":"product_brand","embeddable":true,"href":"https:\/\/stampcurio.com\/hu\/wp-json\/wp\/v2\/product_brand?post=27288"},{"taxonomy":"product_cat","embeddable":true,"href":"https:\/\/stampcurio.com\/hu\/wp-json\/wp\/v2\/product_cat?post=27288"},{"taxonomy":"product_tag","embeddable":true,"href":"https:\/\/stampcurio.com\/hu\/wp-json\/wp\/v2\/product_tag?post=27288"}],"curies":[{"name":"wp","href":"https:\/\/api.w.org\/{rel}","templated":true}]}}