{"id":27286,"date":"2025-11-24T16:28:40","date_gmt":"2025-11-24T15:28:40","guid":{"rendered":"https:\/\/stampcurio.com\/product\/1857-magyarorszag-postakonyv-pest-mucsanyszky\/"},"modified":"2026-01-05T15:12:15","modified_gmt":"2026-01-05T14:12:15","slug":"1857-ausztria-magyarorszag-postakonyv-pest-mucsanyszky","status":"publish","type":"product","link":"https:\/\/stampcurio.com\/hu\/termek\/1857-ausztria-magyarorszag-postakonyv-pest-mucsanyszky\/","title":{"rendered":"1857 Ausztria &#8211; Magyarorsz\u00e1g &#8211; Postak\u00f6nyv Pest Mucs\u00e1nyszky"},"content":{"rendered":"","protected":false},"excerpt":{"rendered":"","protected":false},"featured_media":28899,"template":"","meta":[],"product_brand":[],"product_cat":[1178,1172],"product_tag":[1669,1721,89,1006],"class_list":{"0":"post-27286","1":"product","2":"type-product","3":"status-publish","4":"has-post-thumbnail","6":"product_cat-ausztria","7":"product_cat-magyarorszag","8":"product_tag-3rd-auction","9":"product_tag-postakonyv","10":"product_tag-postatortenet","11":"product_tag-unsold","13":"first","14":"instock","15":"sold-individually","16":"shipping-taxable","17":"purchasable","18":"product-type-simple"},"_links":{"self":[{"href":"https:\/\/stampcurio.com\/hu\/wp-json\/wp\/v2\/product\/27286","targetHints":{"allow":["GET"]}}],"collection":[{"href":"https:\/\/stampcurio.com\/hu\/wp-json\/wp\/v2\/product"}],"about":[{"href":"https:\/\/stampcurio.com\/hu\/wp-json\/wp\/v2\/types\/product"}],"wp:featuredmedia":[{"embeddable":true,"href":"https:\/\/stampcurio.com\/hu\/wp-json\/wp\/v2\/media\/28899"}],"wp:attachment":[{"href":"https:\/\/stampcurio.com\/hu\/wp-json\/wp\/v2\/media?parent=27286"}],"wp:term":[{"taxonomy":"product_brand","embeddable":true,"href":"https:\/\/stampcurio.com\/hu\/wp-json\/wp\/v2\/product_brand?post=27286"},{"taxonomy":"product_cat","embeddable":true,"href":"https:\/\/stampcurio.com\/hu\/wp-json\/wp\/v2\/product_cat?post=27286"},{"taxonomy":"product_tag","embeddable":true,"href":"https:\/\/stampcurio.com\/hu\/wp-json\/wp\/v2\/product_tag?post=27286"}],"curies":[{"name":"wp","href":"https:\/\/api.w.org\/{rel}","templated":true}]}}