{"id":27280,"date":"2025-11-24T16:28:38","date_gmt":"2025-11-24T15:28:38","guid":{"rendered":"https:\/\/stampcurio.com\/product\/1877-78-ausztria-postakonyvek-postbuchel-paul-lettner-5-fuzet\/"},"modified":"2026-01-05T15:12:17","modified_gmt":"2026-01-05T14:12:17","slug":"1877-78-ausztria-postakonyvek-5-kulonfele-mindegyik-paul-lettner-kiadas","status":"publish","type":"product","link":"https:\/\/stampcurio.com\/hu\/termek\/1877-78-ausztria-postakonyvek-5-kulonfele-mindegyik-paul-lettner-kiadas\/","title":{"rendered":"1877-78 Ausztria &#8211; Postak\u00f6nyvek 5 k\u00fcl\u00f6nf\u00e9le mindegyik Paul Lettner kiad\u00e1s"},"content":{"rendered":"","protected":false},"excerpt":{"rendered":"","protected":false},"featured_media":28733,"template":"","meta":[],"product_brand":[],"product_cat":[1178],"product_tag":[1669,1721,89,1006],"class_list":{"0":"post-27280","1":"product","2":"type-product","3":"status-publish","4":"has-post-thumbnail","6":"product_cat-ausztria","7":"product_tag-3rd-auction","8":"product_tag-postakonyv","9":"product_tag-postatortenet","10":"product_tag-unsold","12":"first","13":"instock","14":"sold-individually","15":"shipping-taxable","16":"purchasable","17":"product-type-simple"},"_links":{"self":[{"href":"https:\/\/stampcurio.com\/hu\/wp-json\/wp\/v2\/product\/27280","targetHints":{"allow":["GET"]}}],"collection":[{"href":"https:\/\/stampcurio.com\/hu\/wp-json\/wp\/v2\/product"}],"about":[{"href":"https:\/\/stampcurio.com\/hu\/wp-json\/wp\/v2\/types\/product"}],"wp:featuredmedia":[{"embeddable":true,"href":"https:\/\/stampcurio.com\/hu\/wp-json\/wp\/v2\/media\/28733"}],"wp:attachment":[{"href":"https:\/\/stampcurio.com\/hu\/wp-json\/wp\/v2\/media?parent=27280"}],"wp:term":[{"taxonomy":"product_brand","embeddable":true,"href":"https:\/\/stampcurio.com\/hu\/wp-json\/wp\/v2\/product_brand?post=27280"},{"taxonomy":"product_cat","embeddable":true,"href":"https:\/\/stampcurio.com\/hu\/wp-json\/wp\/v2\/product_cat?post=27280"},{"taxonomy":"product_tag","embeddable":true,"href":"https:\/\/stampcurio.com\/hu\/wp-json\/wp\/v2\/product_tag?post=27280"}],"curies":[{"name":"wp","href":"https:\/\/api.w.org\/{rel}","templated":true}]}}